{"id":17277,"date":"2025-02-27T14:03:05","date_gmt":"2025-02-27T13:03:05","guid":{"rendered":"https:\/\/mdbouwmachines.be\/product\/bohrhammer-dhe32\/"},"modified":"2025-03-07T15:05:22","modified_gmt":"2025-03-07T14:05:22","slug":"bohrhammer-dhe32","status":"publish","type":"product","link":"https:\/\/mdbouwmachines.be\/de\/produkt\/bohrhammer-dhe32\/","title":{"rendered":"Bohrhammer DHE32"},"content":{"rendered":"\n<p>Der 900 Watt starke Kombi-Bohrhammer DHE32 verf\u00fcgt \u00fcber die vier Funktionen Bohren, Hammerbohren, Mei\u00dfeln und Mei\u00dfelverstellung und ist damit der perfekte Allrounder f\u00fcr leichte Mei\u00dfelarbeiten und zum Einstecken von D\u00fcbeln. Dank des Werkzeugschnellwechselsystems, der werkzeuglosen Futterentnahme, des Drehzahlschalters und der Dauerfunktion ist dieses Modell einfach zu bedienen. Die vibrationsarme Bedienung in Kombination mit der hohen Schlagenergie und dem verwindungssteifen Zusatzhandgriff tragen zu einem hohen Ma\u00df an Ergonomie bei.  <\/p>\n\n<div class=\"wp-block-file\"><a id=\"wp-block-file--media-830066a5-3769-4c4f-9f5d-11c03199cef7\" href=\"https:\/\/mdbouwmachines.be\/wp-content\/uploads\/2025\/02\/Boorhamer-DHE32.pdf\">Technisches Datenblatt<\/a><a href=\"https:\/\/mdbouwmachines.be\/wp-content\/uploads\/2025\/02\/Boorhamer-DHE32.pdf\" class=\"wp-block-file__button wp-element-button\" download=\"\" aria-describedby=\"wp-block-file--media-830066a5-3769-4c4f-9f5d-11c03199cef7\">Herunterladen<\/a><\/div>\n","protected":false},"excerpt":{"rendered":"<p>Universal-Bohrhammer bis \u00d8 32 mm<br \/>900 W Kombi-Bohrhammer zum Bohren, Hammerbohren und Mei\u00dfeln<br \/>Werkzeugschnellwechselsystem f\u00fcr SDS-plus Bohrfutter<br \/>Ideal zum Einstecken von Steckern<\/p>\n","protected":false},"featured_media":15968,"template":"","meta":{"_acf_changed":false},"product_brand":[1153],"product_cat":[888],"product_tag":[],"class_list":{"0":"post-17277","1":"product","2":"type-product","3":"status-publish","4":"has-post-thumbnail","6":"product_brand-tyrolit-de","7":"product_cat-kernbohrung","9":"first","10":"instock","11":"taxable","12":"shipping-taxable","13":"purchasable","14":"product-type-simple"},"acf":[],"_links":{"self":[{"href":"https:\/\/mdbouwmachines.be\/de\/wp-json\/wp\/v2\/product\/17277","targetHints":{"allow":["GET"]}}],"collection":[{"href":"https:\/\/mdbouwmachines.be\/de\/wp-json\/wp\/v2\/product"}],"about":[{"href":"https:\/\/mdbouwmachines.be\/de\/wp-json\/wp\/v2\/types\/product"}],"wp:featuredmedia":[{"embeddable":true,"href":"https:\/\/mdbouwmachines.be\/de\/wp-json\/wp\/v2\/media\/15968"}],"wp:attachment":[{"href":"https:\/\/mdbouwmachines.be\/de\/wp-json\/wp\/v2\/media?parent=17277"}],"wp:term":[{"taxonomy":"product_brand","embeddable":true,"href":"https:\/\/mdbouwmachines.be\/de\/wp-json\/wp\/v2\/product_brand?post=17277"},{"taxonomy":"product_cat","embeddable":true,"href":"https:\/\/mdbouwmachines.be\/de\/wp-json\/wp\/v2\/product_cat?post=17277"},{"taxonomy":"product_tag","embeddable":true,"href":"https:\/\/mdbouwmachines.be\/de\/wp-json\/wp\/v2\/product_tag?post=17277"}],"curies":[{"name":"wp","href":"https:\/\/api.w.org\/{rel}","templated":true}]}}