{"id":17274,"date":"2025-02-27T14:04:38","date_gmt":"2025-02-27T13:04:38","guid":{"rendered":"https:\/\/mdbouwmachines.be\/product\/bohrmotoren-dme20pw-dme20pu-dme20cw\/"},"modified":"2025-03-07T15:05:22","modified_gmt":"2025-03-07T14:05:22","slug":"bohrmotoren-dme20pw-dme20pu-dme20cw","status":"publish","type":"product","link":"https:\/\/mdbouwmachines.be\/de\/produkt\/bohrmotoren-dme20pw-dme20pu-dme20cw\/","title":{"rendered":"Bohrmotoren DME20PW | DME20PU | DME20CW"},"content":{"rendered":"\n<p>Die neue Motorengeneration DME20 \u00fcberzeugt im Leistungssegment bis 2 kW. Die neue Motorengeneration DME20 \u00fcberzeugt im Leistungssegment bis 2 kW. Der mechanische und elektronische \u00dcberlastschutz sowie das Ganzmetallgeh\u00e4use sorgen f\u00fcr eine hohe Zuverl\u00e4ssigkeit. Eingebaute Leistungs- und Serviceindikatoren sowie die Nivellierhilfe erm\u00f6glichen eine einfache Bedienung. Die Bohrmotoren DME20 sind universell einsetzbar und decken ein breites Anwendungsspektrum ab: nass\/trocken und handgef\u00fchrt\/auf einem Bohrst\u00e4nder (DME20PU), nass und handgef\u00fchrt \/ auf einem Bohrst\u00e4nder (DME20PW) und nur nass und auf einem Bohrst\u00e4nder (DME20CW).    <\/p>\n\n<div class=\"wp-block-file\"><a id=\"wp-block-file--media-66fe443b-d41b-486f-b273-30e92d1c8fc1\" href=\"https:\/\/mdbouwmachines.be\/wp-content\/uploads\/2025\/02\/Boormotoren-DME20PW.pdf\">Technisches Datenblatt<\/a><a href=\"https:\/\/mdbouwmachines.be\/wp-content\/uploads\/2025\/02\/Boormotoren-DME20PW.pdf\" class=\"wp-block-file__button wp-element-button\" download=\"\" aria-describedby=\"wp-block-file--media-66fe443b-d41b-486f-b273-30e92d1c8fc1\">Herunterladen<\/a><\/div>\n","protected":false},"excerpt":{"rendered":"<p>Bohren bis \u00d8 180 mm<br \/>Kompaktes, robustes und ergonomisches Design<br \/>Leistungs- und Serviceanzeige sowie Nivellierhilfe f\u00fcr leichtes Arbeiten<br \/>Schneller Wechsel zwischen Nass- und Trockenbohren mit dem DME20PU<\/p>\n","protected":false},"featured_media":16117,"template":"","meta":{"_acf_changed":false},"product_brand":[1153],"product_cat":[888],"product_tag":[],"class_list":{"0":"post-17274","1":"product","2":"type-product","3":"status-publish","4":"has-post-thumbnail","6":"product_brand-tyrolit-de","7":"product_cat-kernbohrung","9":"first","10":"instock","11":"taxable","12":"shipping-taxable","13":"purchasable","14":"product-type-simple"},"acf":[],"_links":{"self":[{"href":"https:\/\/mdbouwmachines.be\/de\/wp-json\/wp\/v2\/product\/17274","targetHints":{"allow":["GET"]}}],"collection":[{"href":"https:\/\/mdbouwmachines.be\/de\/wp-json\/wp\/v2\/product"}],"about":[{"href":"https:\/\/mdbouwmachines.be\/de\/wp-json\/wp\/v2\/types\/product"}],"wp:featuredmedia":[{"embeddable":true,"href":"https:\/\/mdbouwmachines.be\/de\/wp-json\/wp\/v2\/media\/16117"}],"wp:attachment":[{"href":"https:\/\/mdbouwmachines.be\/de\/wp-json\/wp\/v2\/media?parent=17274"}],"wp:term":[{"taxonomy":"product_brand","embeddable":true,"href":"https:\/\/mdbouwmachines.be\/de\/wp-json\/wp\/v2\/product_brand?post=17274"},{"taxonomy":"product_cat","embeddable":true,"href":"https:\/\/mdbouwmachines.be\/de\/wp-json\/wp\/v2\/product_cat?post=17274"},{"taxonomy":"product_tag","embeddable":true,"href":"https:\/\/mdbouwmachines.be\/de\/wp-json\/wp\/v2\/product_tag?post=17274"}],"curies":[{"name":"wp","href":"https:\/\/api.w.org\/{rel}","templated":true}]}}