{"id":17270,"date":"2025-02-27T13:53:29","date_gmt":"2025-02-27T12:53:29","guid":{"rendered":"https:\/\/mdbouwmachines.be\/product\/bohrmotor-dme17dp\/"},"modified":"2025-03-07T15:05:21","modified_gmt":"2025-03-07T14:05:21","slug":"bohrmotor-dme17dp","status":"publish","type":"product","link":"https:\/\/mdbouwmachines.be\/de\/produkt\/bohrmotor-dme17dp\/","title":{"rendered":"Bohrmotor DME17DP"},"content":{"rendered":"\n<p>Der DME17 ist ein 2-stufiger Trockenbohrmotor f\u00fcr Bohrdurchmesser bis 200 mm. Der leistungsstarke 2,0 kW Motor erh\u00f6ht in Kombination mit der zuschaltbaren Schlagbohrfunktion die Bohrleistung in Stahlbeton oder in anderen harten Materialien. Die Maschine kann sowohl in der Hand als auch auf einem Bohrst\u00e4nder verwendet werden. Die kompakte Bauweise, das geringe Gewicht und die eingebaute Staubabsaugung machen den Kernbohrer sehr benutzerfreundlich. Das Besondere an diesem Modell ist, dass es in drei Geschwindigkeitsvarianten (Standard, langsam und schnell) erh\u00e4ltlich ist und somit ideal f\u00fcr die unterschiedlichsten Bed\u00fcrfnisse der Kunden geeignet ist.    <\/p>\n\n<div class=\"wp-block-file\"><a id=\"wp-block-file--media-8568186c-4c23-49c2-8310-e78995ea9e66\" href=\"https:\/\/mdbouwmachines.be\/wp-content\/uploads\/2025\/02\/Boormotor-DME17DP.pdf\">Technisches Datenblatt<\/a><a href=\"https:\/\/mdbouwmachines.be\/wp-content\/uploads\/2025\/02\/Boormotor-DME17DP.pdf\" class=\"wp-block-file__button wp-element-button\" download=\"\" aria-describedby=\"wp-block-file--media-8568186c-4c23-49c2-8310-e78995ea9e66\">Herunterladen<\/a><\/div>\n","protected":false},"excerpt":{"rendered":"<p>Kernbohren bis \u00d8 200 mm<br \/>2-stufig mit zuschaltbarer Schlagbohrfunktion f\u00fcr optimale Bohrleistung<br \/>Eingebaute Staubabsaugung f\u00fcr eine saubere Arbeitsumgebung<br \/>Kann sowohl in der Hand als auch auf einem Bohrst\u00e4nder verwendet werden<\/p>\n","protected":false},"featured_media":16099,"template":"","meta":{"_acf_changed":false},"product_brand":[1153],"product_cat":[888],"product_tag":[],"class_list":{"0":"post-17270","1":"product","2":"type-product","3":"status-publish","4":"has-post-thumbnail","6":"product_brand-tyrolit-de","7":"product_cat-kernbohrung","9":"first","10":"instock","11":"taxable","12":"shipping-taxable","13":"purchasable","14":"product-type-simple"},"acf":[],"_links":{"self":[{"href":"https:\/\/mdbouwmachines.be\/de\/wp-json\/wp\/v2\/product\/17270","targetHints":{"allow":["GET"]}}],"collection":[{"href":"https:\/\/mdbouwmachines.be\/de\/wp-json\/wp\/v2\/product"}],"about":[{"href":"https:\/\/mdbouwmachines.be\/de\/wp-json\/wp\/v2\/types\/product"}],"wp:featuredmedia":[{"embeddable":true,"href":"https:\/\/mdbouwmachines.be\/de\/wp-json\/wp\/v2\/media\/16099"}],"wp:attachment":[{"href":"https:\/\/mdbouwmachines.be\/de\/wp-json\/wp\/v2\/media?parent=17270"}],"wp:term":[{"taxonomy":"product_brand","embeddable":true,"href":"https:\/\/mdbouwmachines.be\/de\/wp-json\/wp\/v2\/product_brand?post=17270"},{"taxonomy":"product_cat","embeddable":true,"href":"https:\/\/mdbouwmachines.be\/de\/wp-json\/wp\/v2\/product_cat?post=17270"},{"taxonomy":"product_tag","embeddable":true,"href":"https:\/\/mdbouwmachines.be\/de\/wp-json\/wp\/v2\/product_tag?post=17270"}],"curies":[{"name":"wp","href":"https:\/\/api.w.org\/{rel}","templated":true}]}}