{"id":17266,"date":"2025-02-27T15:39:12","date_gmt":"2025-02-27T14:39:12","guid":{"rendered":"https:\/\/mdbouwmachines.be\/product\/bohrstaender-dra400-i-dru400\/"},"modified":"2025-03-07T15:05:26","modified_gmt":"2025-03-07T14:05:26","slug":"bohrstaender-dra400-i-dru400","status":"publish","type":"product","link":"https:\/\/mdbouwmachines.be\/de\/produkt\/bohrstaender-dra400-i-dru400\/","title":{"rendered":"Bohrst\u00e4nder DRA400 I DRU400"},"content":{"rendered":"\n<p>DRA400 und DRU400, die professionellen Kernbohrsysteme f\u00fcr die vielseitigsten Einsatzbereiche. Die optimale Abst\u00fctzung mit stabiler Rollenf\u00fchrung garantiert pr\u00e4zises Bohren. Das bew\u00e4hrte Schnellspannsystem ModulDrill\u2122 erm\u00f6glicht die schnelle und sichere Montage von Bohrmotoren. Dar\u00fcber hinaus erh\u00f6hen eine Zentrieranzeige, eine Winkelanzeige und eine zweistufige Vorschub\u00fcbertragung die Bedienerfreundlichkeit und helfen, wertvolle Zeit zu sparen. Die kompakte Leichtbauweise f\u00fcr den einfachen Transport und den einfachen Auf- und Abbau rundet das System ab.    <\/p>\n\n<div class=\"wp-block-file\"><a id=\"wp-block-file--media-7dc76604-f3a7-4d04-ac68-7ea7f30a3e0e\" href=\"https:\/\/mdbouwmachines.be\/wp-content\/uploads\/2025\/02\/Boorstatief-DRA400.pdf\">Technisches Datenblatt<\/a><a href=\"https:\/\/mdbouwmachines.be\/wp-content\/uploads\/2025\/02\/Boorstatief-DRA400.pdf\" class=\"wp-block-file__button wp-element-button\" download=\"\" aria-describedby=\"wp-block-file--media-7dc76604-f3a7-4d04-ac68-7ea7f30a3e0e\">Herunterladen<\/a><\/div>\n","protected":false},"excerpt":{"rendered":"<p>Bohren bis \u00d8 400 mm<br \/>Problemlose Verstellung und austauschbare, verschlei\u00dffeste Rollenf\u00fchrung.<br \/>Einfache Ausf\u00fchrung von Querbohrungen dank Winkelanzeige.<br \/>DRA400 mit Stahld\u00fcbelfu\u00df. Vakuumbefestigung DRU400 \u2013 Bohren ohne D\u00fcbelbefestigung. <\/p>\n","protected":false},"featured_media":16340,"template":"","meta":{"_acf_changed":false},"product_brand":[1153],"product_cat":[888],"product_tag":[],"class_list":{"0":"post-17266","1":"product","2":"type-product","3":"status-publish","4":"has-post-thumbnail","6":"product_brand-tyrolit-de","7":"product_cat-kernbohrung","9":"first","10":"instock","11":"taxable","12":"shipping-taxable","13":"purchasable","14":"product-type-simple"},"acf":[],"_links":{"self":[{"href":"https:\/\/mdbouwmachines.be\/de\/wp-json\/wp\/v2\/product\/17266","targetHints":{"allow":["GET"]}}],"collection":[{"href":"https:\/\/mdbouwmachines.be\/de\/wp-json\/wp\/v2\/product"}],"about":[{"href":"https:\/\/mdbouwmachines.be\/de\/wp-json\/wp\/v2\/types\/product"}],"wp:featuredmedia":[{"embeddable":true,"href":"https:\/\/mdbouwmachines.be\/de\/wp-json\/wp\/v2\/media\/16340"}],"wp:attachment":[{"href":"https:\/\/mdbouwmachines.be\/de\/wp-json\/wp\/v2\/media?parent=17266"}],"wp:term":[{"taxonomy":"product_brand","embeddable":true,"href":"https:\/\/mdbouwmachines.be\/de\/wp-json\/wp\/v2\/product_brand?post=17266"},{"taxonomy":"product_cat","embeddable":true,"href":"https:\/\/mdbouwmachines.be\/de\/wp-json\/wp\/v2\/product_cat?post=17266"},{"taxonomy":"product_tag","embeddable":true,"href":"https:\/\/mdbouwmachines.be\/de\/wp-json\/wp\/v2\/product_tag?post=17266"}],"curies":[{"name":"wp","href":"https:\/\/api.w.org\/{rel}","templated":true}]}}