{"id":17259,"date":"2025-02-27T15:32:49","date_gmt":"2025-02-27T14:32:49","guid":{"rendered":"https:\/\/mdbouwmachines.be\/product\/bohrstaender-by\/"},"modified":"2025-03-07T15:05:25","modified_gmt":"2025-03-07T14:05:25","slug":"bohrstaender-by","status":"publish","type":"product","link":"https:\/\/mdbouwmachines.be\/de\/produkt\/bohrstaender-by\/","title":{"rendered":"Bohrst\u00e4nder BY"},"content":{"rendered":"\n<p>Beeindruckende Stabilit\u00e4t und Bohrleistung durch solide Verarbeitung und stabile Seitenverzahnung des Bohrst\u00e4nders. Der BY Bohrst\u00e4nder mit Doppelstangen ist sehr robust, aber leicht in der Bauweise. Dank des pr\u00e4zisen F\u00fchrungsprinzips kann in jedem gew\u00fcnschten Winkel gebohrt werden. Dieser sehr kompakte Bohrst\u00e4nder kann mit verschiedenen elektrischen Bohrmotoren kombiniert werden. Mit einer modularen Erweiterung kann der Bohrst\u00e4nder auch f\u00fcr leistungsst\u00e4rkeres, hydraulisches Bohren verwendet werden.    <\/p>\n\n<div class=\"wp-block-file\"><a id=\"wp-block-file--media-d1dc5277-c500-4136-a015-8b0aaa2a929e\" href=\"https:\/\/mdbouwmachines.be\/wp-content\/uploads\/2025\/02\/Boorstatief-BY.pdf\">Technisches Datenblatt<\/a><a href=\"https:\/\/mdbouwmachines.be\/wp-content\/uploads\/2025\/02\/Boorstatief-BY.pdf\" class=\"wp-block-file__button wp-element-button\" download=\"\" aria-describedby=\"wp-block-file--media-d1dc5277-c500-4136-a015-8b0aaa2a929e\">Herunterladen<\/a><\/div>\n","protected":false},"excerpt":{"rendered":"<p>Bohren bis \u00d8 300 mm<br \/>Zweis\u00e4ulen-F\u00fchrungsprinzip mit Kettenantrieb<br \/>Festes, ergonomisch positioniertes Handrad<br \/>Kompakte Bauweise ohne St\u00fctzstangen<\/p>\n","protected":false},"featured_media":16324,"template":"","meta":{"_acf_changed":false},"product_brand":[1153],"product_cat":[888],"product_tag":[],"class_list":{"0":"post-17259","1":"product","2":"type-product","3":"status-publish","4":"has-post-thumbnail","6":"product_brand-tyrolit-de","7":"product_cat-kernbohrung","9":"first","10":"instock","11":"taxable","12":"shipping-taxable","13":"purchasable","14":"product-type-simple"},"acf":[],"_links":{"self":[{"href":"https:\/\/mdbouwmachines.be\/de\/wp-json\/wp\/v2\/product\/17259","targetHints":{"allow":["GET"]}}],"collection":[{"href":"https:\/\/mdbouwmachines.be\/de\/wp-json\/wp\/v2\/product"}],"about":[{"href":"https:\/\/mdbouwmachines.be\/de\/wp-json\/wp\/v2\/types\/product"}],"wp:featuredmedia":[{"embeddable":true,"href":"https:\/\/mdbouwmachines.be\/de\/wp-json\/wp\/v2\/media\/16324"}],"wp:attachment":[{"href":"https:\/\/mdbouwmachines.be\/de\/wp-json\/wp\/v2\/media?parent=17259"}],"wp:term":[{"taxonomy":"product_brand","embeddable":true,"href":"https:\/\/mdbouwmachines.be\/de\/wp-json\/wp\/v2\/product_brand?post=17259"},{"taxonomy":"product_cat","embeddable":true,"href":"https:\/\/mdbouwmachines.be\/de\/wp-json\/wp\/v2\/product_cat?post=17259"},{"taxonomy":"product_tag","embeddable":true,"href":"https:\/\/mdbouwmachines.be\/de\/wp-json\/wp\/v2\/product_tag?post=17259"}],"curies":[{"name":"wp","href":"https:\/\/api.w.org\/{rel}","templated":true}]}}