{"id":17254,"date":"2025-02-27T15:22:58","date_gmt":"2025-02-27T14:22:58","guid":{"rendered":"https:\/\/mdbouwmachines.be\/product\/bohrstaender-dra150\/"},"modified":"2025-03-07T15:05:24","modified_gmt":"2025-03-07T14:05:24","slug":"bohrstaender-dra150","status":"publish","type":"product","link":"https:\/\/mdbouwmachines.be\/de\/produkt\/bohrstaender-dra150\/","title":{"rendered":"Bohrst\u00e4nder DRA150"},"content":{"rendered":"\n<p>Der DRA150 eignet sich hervorragend f\u00fcr Elektro- und Installationsarbeiten. Dieser Bohrst\u00e4nder ist f\u00fcr Bohrer bis 550 mm L\u00e4nge und f\u00fcr Winkelbohrungen geeignet. Bedienerfreundlich dank Mittelpunktanzeige, Wasserwaage und Transporthalterung.  <\/p>\n\n<div class=\"wp-block-file\"><a id=\"wp-block-file--media-9f44842e-dd37-4a9c-8cde-da11276dd6e3\" href=\"https:\/\/mdbouwmachines.be\/wp-content\/uploads\/2025\/02\/Boorstatief-DRA150.pdf\">Technisches Datenblatt<\/a><a href=\"https:\/\/mdbouwmachines.be\/wp-content\/uploads\/2025\/02\/Boorstatief-DRA150.pdf\" class=\"wp-block-file__button wp-element-button\" download=\"\" aria-describedby=\"wp-block-file--media-9f44842e-dd37-4a9c-8cde-da11276dd6e3\">Herunterladen<\/a><\/div>\n","protected":false},"excerpt":{"rendered":"<p>Bohren bis \u00d8 152 mm<br \/>Integrierte Mittelpunktanzeige.<br \/>Kompakter D\u00fcbelfu\u00df.<br \/>Optionale Vakuumplatte.<\/p>\n","protected":false},"featured_media":16231,"template":"","meta":{"_acf_changed":false},"product_brand":[1153],"product_cat":[888],"product_tag":[],"class_list":{"0":"post-17254","1":"product","2":"type-product","3":"status-publish","4":"has-post-thumbnail","6":"product_brand-tyrolit-de","7":"product_cat-kernbohrung","9":"first","10":"instock","11":"taxable","12":"shipping-taxable","13":"purchasable","14":"product-type-simple"},"acf":[],"_links":{"self":[{"href":"https:\/\/mdbouwmachines.be\/de\/wp-json\/wp\/v2\/product\/17254","targetHints":{"allow":["GET"]}}],"collection":[{"href":"https:\/\/mdbouwmachines.be\/de\/wp-json\/wp\/v2\/product"}],"about":[{"href":"https:\/\/mdbouwmachines.be\/de\/wp-json\/wp\/v2\/types\/product"}],"wp:featuredmedia":[{"embeddable":true,"href":"https:\/\/mdbouwmachines.be\/de\/wp-json\/wp\/v2\/media\/16231"}],"wp:attachment":[{"href":"https:\/\/mdbouwmachines.be\/de\/wp-json\/wp\/v2\/media?parent=17254"}],"wp:term":[{"taxonomy":"product_brand","embeddable":true,"href":"https:\/\/mdbouwmachines.be\/de\/wp-json\/wp\/v2\/product_brand?post=17254"},{"taxonomy":"product_cat","embeddable":true,"href":"https:\/\/mdbouwmachines.be\/de\/wp-json\/wp\/v2\/product_cat?post=17254"},{"taxonomy":"product_tag","embeddable":true,"href":"https:\/\/mdbouwmachines.be\/de\/wp-json\/wp\/v2\/product_tag?post=17254"}],"curies":[{"name":"wp","href":"https:\/\/api.w.org\/{rel}","templated":true}]}}