{"id":17253,"date":"2025-02-27T15:26:30","date_gmt":"2025-02-27T14:26:30","guid":{"rendered":"https:\/\/mdbouwmachines.be\/product\/bohrstaender-dru160\/"},"modified":"2025-03-07T15:05:25","modified_gmt":"2025-03-07T14:05:25","slug":"bohrstaender-dru160","status":"publish","type":"product","link":"https:\/\/mdbouwmachines.be\/de\/produkt\/bohrstaender-dru160\/","title":{"rendered":"Bohrst\u00e4nder DRU160"},"content":{"rendered":"\n<p>Das Leichtgewicht unter den Bohrern h\u00e4lt bis zu \u00d8 160 mm aus. Das standardisierte Spannhalssystem erm\u00f6glicht die schnelle Montage g\u00e4ngiger Bohrmotoren. Zeitsparendes Ausrichten des Bohrst\u00e4nders dank Zentrierspitze, Winkelanzeige und Wasserwaage. Maximale Flexibilit\u00e4t dank der Option der Anker- oder Vakuumbefestigung.   <\/p>\n\n<div class=\"wp-block-file\"><a id=\"wp-block-file--media-f2d60516-a5a9-45c4-83c4-3eba7e94bf57\" href=\"https:\/\/mdbouwmachines.be\/wp-content\/uploads\/2025\/02\/Boorstatief-DRU160.pdf\">Technisches Datenblatt<\/a><a href=\"https:\/\/mdbouwmachines.be\/wp-content\/uploads\/2025\/02\/Boorstatief-DRU160.pdf\" class=\"wp-block-file__button wp-element-button\" download=\"\" aria-describedby=\"wp-block-file--media-f2d60516-a5a9-45c4-83c4-3eba7e94bf57\">Herunterladen<\/a><\/div>\n","protected":false},"excerpt":{"rendered":"<p>Bohren bis \u00d8 160 mm<br \/>Pr\u00e4zises Arbeiten dank hochwertiger Abst\u00fctzung mit stabiler Rollenf\u00fchrung.<br \/>Universeller Einsatzbereich dank Querverstellbarkeit 90\u00b0-45\u00b0.<br \/>Effiziente Ausrichtung des Bohrst\u00e4nders durch standardisierte Zentrierpunktanzeige.<\/p>\n","protected":false},"featured_media":16252,"template":"","meta":{"_acf_changed":false},"product_brand":[1153],"product_cat":[888],"product_tag":[],"class_list":{"0":"post-17253","1":"product","2":"type-product","3":"status-publish","4":"has-post-thumbnail","6":"product_brand-tyrolit-de","7":"product_cat-kernbohrung","9":"first","10":"instock","11":"taxable","12":"shipping-taxable","13":"purchasable","14":"product-type-simple"},"acf":[],"_links":{"self":[{"href":"https:\/\/mdbouwmachines.be\/de\/wp-json\/wp\/v2\/product\/17253","targetHints":{"allow":["GET"]}}],"collection":[{"href":"https:\/\/mdbouwmachines.be\/de\/wp-json\/wp\/v2\/product"}],"about":[{"href":"https:\/\/mdbouwmachines.be\/de\/wp-json\/wp\/v2\/types\/product"}],"wp:featuredmedia":[{"embeddable":true,"href":"https:\/\/mdbouwmachines.be\/de\/wp-json\/wp\/v2\/media\/16252"}],"wp:attachment":[{"href":"https:\/\/mdbouwmachines.be\/de\/wp-json\/wp\/v2\/media?parent=17253"}],"wp:term":[{"taxonomy":"product_brand","embeddable":true,"href":"https:\/\/mdbouwmachines.be\/de\/wp-json\/wp\/v2\/product_brand?post=17253"},{"taxonomy":"product_cat","embeddable":true,"href":"https:\/\/mdbouwmachines.be\/de\/wp-json\/wp\/v2\/product_cat?post=17253"},{"taxonomy":"product_tag","embeddable":true,"href":"https:\/\/mdbouwmachines.be\/de\/wp-json\/wp\/v2\/product_tag?post=17253"}],"curies":[{"name":"wp","href":"https:\/\/api.w.org\/{rel}","templated":true}]}}