{"id":17240,"date":"2025-02-27T14:28:38","date_gmt":"2025-02-27T13:28:38","guid":{"rendered":"https:\/\/mdbouwmachines.be\/product\/bohrmotor-dme52uw\/"},"modified":"2025-03-07T15:05:23","modified_gmt":"2025-03-07T14:05:23","slug":"bohrmotor-dme52uw","status":"publish","type":"product","link":"https:\/\/mdbouwmachines.be\/de\/produkt\/bohrmotor-dme52uw\/","title":{"rendered":"Bohrmotor DME52UW"},"content":{"rendered":"\n<p>Bei dem DME52UW handelt es sich um einen leistungsstarken, wassergek\u00fchlten, 3-phasigen Motor mit 5,2 kW. Die Leistung von 5,2 kW in Kombination mit einem \u00f6lbadgeschmierten Getriebe ergibt ein optimales Drehmoment und eine optimale Drehzahl f\u00fcr eine hervorragende Bohrleistung bis zu einem Durchmesser von 500 mm. Ein Vollmetallgeh\u00e4use, eine Rutschkupplung, ein thermischer Schutz und die Schutzart IP55 garantieren h\u00f6chste Zuverl\u00e4ssigkeit. Bedienerfreundlich dank LED-Betriebsanzeige, Softstart und Anti-Reibungselement.   <\/p>\n\n<div class=\"wp-block-file\"><a id=\"wp-block-file--media-8d84a620-837d-4af1-a2de-1c983474ee22\" href=\"https:\/\/mdbouwmachines.be\/wp-content\/uploads\/2025\/02\/Boormotor-DME52UW.pdf\">Technisches Datenblatt<\/a><a href=\"https:\/\/mdbouwmachines.be\/wp-content\/uploads\/2025\/02\/Boormotor-DME52UW.pdf\" class=\"wp-block-file__button wp-element-button\" download=\"\" aria-describedby=\"wp-block-file--media-8d84a620-837d-4af1-a2de-1c983474ee22\">Herunterladen<\/a><\/div>\n","protected":false},"excerpt":{"rendered":"<p>Bohren bis \u00d8 500 mm<br \/>Leistungsstarker 5,2 kW Motor 400 V, 3-phasig.<br \/>3-Gang-Getriebe mit \u00d6lbadschmierung, Rutschkupplung und \u00d6lpumpe.<br \/>Robuste kunststoffbeschichtete Tastatur, LED-Betriebsanzeige und Sanftanlauf.<\/p>\n","protected":false},"featured_media":16171,"template":"","meta":{"_acf_changed":false},"product_brand":[1153],"product_cat":[888],"product_tag":[],"class_list":{"0":"post-17240","1":"product","2":"type-product","3":"status-publish","4":"has-post-thumbnail","6":"product_brand-tyrolit-de","7":"product_cat-kernbohrung","9":"first","10":"instock","11":"taxable","12":"shipping-taxable","13":"purchasable","14":"product-type-simple"},"acf":[],"_links":{"self":[{"href":"https:\/\/mdbouwmachines.be\/de\/wp-json\/wp\/v2\/product\/17240","targetHints":{"allow":["GET"]}}],"collection":[{"href":"https:\/\/mdbouwmachines.be\/de\/wp-json\/wp\/v2\/product"}],"about":[{"href":"https:\/\/mdbouwmachines.be\/de\/wp-json\/wp\/v2\/types\/product"}],"wp:featuredmedia":[{"embeddable":true,"href":"https:\/\/mdbouwmachines.be\/de\/wp-json\/wp\/v2\/media\/16171"}],"wp:attachment":[{"href":"https:\/\/mdbouwmachines.be\/de\/wp-json\/wp\/v2\/media?parent=17240"}],"wp:term":[{"taxonomy":"product_brand","embeddable":true,"href":"https:\/\/mdbouwmachines.be\/de\/wp-json\/wp\/v2\/product_brand?post=17240"},{"taxonomy":"product_cat","embeddable":true,"href":"https:\/\/mdbouwmachines.be\/de\/wp-json\/wp\/v2\/product_cat?post=17240"},{"taxonomy":"product_tag","embeddable":true,"href":"https:\/\/mdbouwmachines.be\/de\/wp-json\/wp\/v2\/product_tag?post=17240"}],"curies":[{"name":"wp","href":"https:\/\/api.w.org\/{rel}","templated":true}]}}