{"id":17239,"date":"2025-02-27T15:20:22","date_gmt":"2025-02-27T14:20:22","guid":{"rendered":"https:\/\/mdbouwmachines.be\/product\/kernbohrsystem-drs250\/"},"modified":"2025-03-07T15:05:24","modified_gmt":"2025-03-07T14:05:24","slug":"kernbohrsystem-drs250","status":"publish","type":"product","link":"https:\/\/mdbouwmachines.be\/de\/produkt\/kernbohrsystem-drs250\/","title":{"rendered":"Kernbohrsystem DRS250"},"content":{"rendered":"\n<p>Das Bohrsystem DRS250 kombiniert Einfachheit und einen breiten Bohrdurchmesserbereich. Der Bohrmotor und der Bohrst\u00e4nder sind aufeinander abgestimmt und bilden zusammen eine Einheit. Das zweistufige Getriebe im \u00d6lbad sorgt f\u00fcr eine perfekte Schmierung in allen Arbeitspositionen. Dar\u00fcber hinaus sorgt es daf\u00fcr, dass Drehmoment und Drehzahl optimal aufeinander abgestimmt sind. Durch seine kompakte und leichte Bauweise ist das Ger\u00e4t garantiert einfach zu handhaben und sehr benutzerfreundlich. Dank der mechanischen Schiebekupplung und des integrierten PRCD-Sicherheitsschalters k\u00f6nnen Sie sich auf optimale Sicherheit verlassen. Eine optionale Vakuumplatte bietet mehr Flexibilit\u00e4t bei der Systemmontage.      <\/p>\n\n<div class=\"wp-block-file\"><a id=\"wp-block-file--media-ef073f1c-a0f7-452d-b54e-5d4fee09462a\" href=\"https:\/\/mdbouwmachines.be\/wp-content\/uploads\/2025\/02\/Kernboorsysteem-DRS250.png\">Technisches Datenblatt<\/a><a href=\"https:\/\/mdbouwmachines.be\/wp-content\/uploads\/2025\/02\/Kernboorsysteem-DRS250.png\" class=\"wp-block-file__button wp-element-button\" download=\"\" aria-describedby=\"wp-block-file--media-ef073f1c-a0f7-452d-b54e-5d4fee09462a\">Herunterladen<\/a><\/div>\n","protected":false},"excerpt":{"rendered":"<p>Kernbohren bis \u00d8 250 mm<br \/>Bohrdurchmesser bis 250 mm mit zwei Zahnr\u00e4dern.<br \/>Leistungsstarker 2,5-kW-Motor.<br \/>Platzsparende Befestigungsm\u00f6glichkeit \u00fcber Ankerfu\u00df.<\/p>\n","protected":false},"featured_media":16215,"template":"","meta":{"_acf_changed":false},"product_brand":[1153],"product_cat":[888],"product_tag":[],"class_list":{"0":"post-17239","1":"product","2":"type-product","3":"status-publish","4":"has-post-thumbnail","6":"product_brand-tyrolit-de","7":"product_cat-kernbohrung","9":"first","10":"instock","11":"taxable","12":"shipping-taxable","13":"purchasable","14":"product-type-simple"},"acf":[],"_links":{"self":[{"href":"https:\/\/mdbouwmachines.be\/de\/wp-json\/wp\/v2\/product\/17239","targetHints":{"allow":["GET"]}}],"collection":[{"href":"https:\/\/mdbouwmachines.be\/de\/wp-json\/wp\/v2\/product"}],"about":[{"href":"https:\/\/mdbouwmachines.be\/de\/wp-json\/wp\/v2\/types\/product"}],"wp:featuredmedia":[{"embeddable":true,"href":"https:\/\/mdbouwmachines.be\/de\/wp-json\/wp\/v2\/media\/16215"}],"wp:attachment":[{"href":"https:\/\/mdbouwmachines.be\/de\/wp-json\/wp\/v2\/media?parent=17239"}],"wp:term":[{"taxonomy":"product_brand","embeddable":true,"href":"https:\/\/mdbouwmachines.be\/de\/wp-json\/wp\/v2\/product_brand?post=17239"},{"taxonomy":"product_cat","embeddable":true,"href":"https:\/\/mdbouwmachines.be\/de\/wp-json\/wp\/v2\/product_cat?post=17239"},{"taxonomy":"product_tag","embeddable":true,"href":"https:\/\/mdbouwmachines.be\/de\/wp-json\/wp\/v2\/product_tag?post=17239"}],"curies":[{"name":"wp","href":"https:\/\/api.w.org\/{rel}","templated":true}]}}