{"id":17234,"date":"2025-02-27T13:55:09","date_gmt":"2025-02-27T12:55:09","guid":{"rendered":"https:\/\/mdbouwmachines.be\/product\/lissmac-compactcut-202-e\/"},"modified":"2025-03-07T15:05:22","modified_gmt":"2025-03-07T14:05:22","slug":"lissmac-compactcut-202-e","status":"publish","type":"product","link":"https:\/\/mdbouwmachines.be\/de\/produkt\/lissmac-compactcut-202-e\/","title":{"rendered":"Lissmac Compactcut 202 E"},"content":{"rendered":"\n<p>Die COMPACTCUT 202 E mit emissionsfreiem 5-kW-Motor ist vielseitig einsetzbar und ideal f\u00fcr kleinere Arbeiten. Beim Schneiden von Asphalt und Beton erreicht die kompakte Fugenschneiderin Schnitttiefen von bis zu 200 mm.<br\/>Dieser Fugenschneider punktet mit seiner einfachen Handhabung auf schmaleren H\u00f6fen, schwer zug\u00e4nglichen Stellen und vor allem im Innenbereich. Wirtschaftlich \u00fcberzeugt diese Gelenks\u00e4ge mit einem hervorragenden Preis-Leistungs-Verh\u00e4ltnis.  <\/p>\n\n<div class=\"wp-block-file\"><a id=\"wp-block-file--media-06c9d8d4-e8b1-4327-9afc-f0edef052a20\" href=\"https:\/\/mdbouwmachines.be\/wp-content\/uploads\/2025\/02\/Lissmac202E.pdf\">Technisches Datenblatt<\/a><a href=\"https:\/\/mdbouwmachines.be\/wp-content\/uploads\/2025\/02\/Lissmac202E.pdf\" class=\"wp-block-file__button wp-element-button\" download=\"\" aria-describedby=\"wp-block-file--media-06c9d8d4-e8b1-4327-9afc-f0edef052a20\">Herunterladen<\/a><\/div>\n","protected":false},"excerpt":{"rendered":"<p>Elektrischer, kompakter, robuster Fugenschneider. Ideal f\u00fcr kleine Reparaturen in Asphalt und Beton. <\/p>\n","protected":false},"featured_media":16185,"template":"","meta":{"_acf_changed":false},"product_brand":[1156],"product_cat":[334],"product_tag":[],"class_list":{"0":"post-17234","1":"product","2":"type-product","3":"status-publish","4":"has-post-thumbnail","6":"product_brand-lissmac-de","7":"product_cat-vloerzagen-de","9":"first","10":"instock","11":"taxable","12":"shipping-taxable","13":"purchasable","14":"product-type-simple"},"acf":[],"_links":{"self":[{"href":"https:\/\/mdbouwmachines.be\/de\/wp-json\/wp\/v2\/product\/17234","targetHints":{"allow":["GET"]}}],"collection":[{"href":"https:\/\/mdbouwmachines.be\/de\/wp-json\/wp\/v2\/product"}],"about":[{"href":"https:\/\/mdbouwmachines.be\/de\/wp-json\/wp\/v2\/types\/product"}],"wp:featuredmedia":[{"embeddable":true,"href":"https:\/\/mdbouwmachines.be\/de\/wp-json\/wp\/v2\/media\/16185"}],"wp:attachment":[{"href":"https:\/\/mdbouwmachines.be\/de\/wp-json\/wp\/v2\/media?parent=17234"}],"wp:term":[{"taxonomy":"product_brand","embeddable":true,"href":"https:\/\/mdbouwmachines.be\/de\/wp-json\/wp\/v2\/product_brand?post=17234"},{"taxonomy":"product_cat","embeddable":true,"href":"https:\/\/mdbouwmachines.be\/de\/wp-json\/wp\/v2\/product_cat?post=17234"},{"taxonomy":"product_tag","embeddable":true,"href":"https:\/\/mdbouwmachines.be\/de\/wp-json\/wp\/v2\/product_tag?post=17234"}],"curies":[{"name":"wp","href":"https:\/\/api.w.org\/{rel}","templated":true}]}}