{"id":17225,"date":"2025-03-05T16:31:45","date_gmt":"2025-03-05T15:31:45","guid":{"rendered":"https:\/\/mdbouwmachines.be\/product\/topcon-rl-h5a-laser\/"},"modified":"2025-03-07T14:58:10","modified_gmt":"2025-03-07T13:58:10","slug":"topcon-rl-h5a-laser","status":"publish","type":"product","link":"https:\/\/mdbouwmachines.be\/de\/produkt\/topcon-rl-h5a-laser\/","title":{"rendered":"Topcon RL-H5A Laser"},"content":{"rendered":"\n<hr class=\"wp-block-separator has-alpha-channel-opacity is-style-dots\" \/>\n\n<p>Der Nachfolger des sehr erfolgreichen H4C, aber immer noch so pr\u00e4zise, robust und zuverl\u00e4ssig wie zuvor. Die F\u00e4higkeiten des H5A sind identisch mit denen seines Vorg\u00e4ngers, er kann auch in einfacher Steigung eingestellt werden, verf\u00fcgt \u00fcber die Scan-Funktion und die TILT-Funktion. Die Zuverl\u00e4ssigkeit des H4C wurde auf den H5A \u00fcbertragen, so dass auch dieser Laser von ausgezeichneter Qualit\u00e4t und \u00e4u\u00dferst genau ist. Alle Rotationslaser, die das Werk verlassen, m\u00fcssen eine Reihe strenger Anforderungen erf\u00fcllen, bevor sie verkauft werden d\u00fcrfen. Die Laser werden unter anderem auf Robustheit, Genauigkeit, Diodenst\u00e4rke und Fallfestigkeit getestet.    <\/p>\n\n<p>Der Basis-Handempf\u00e4nger LS-80X ist im Lieferumfang enthalten. Es besteht auch die M\u00f6glichkeit, DEN LS-100D zu bestellen, dieser digitale Empf\u00e4nger gibt den H\u00f6henunterschied in Millimetern an. <\/p>\n","protected":false},"excerpt":{"rendered":"<p>Der meistverkaufte Baulaser der Topcon-Laserreihe! Mit einem Arbeitsbereich von 800 Metern und einer maximalen Abweichung von nur 0,5 mm bei 10 Metern geh\u00f6rt der RL-H5A zu den genauesten Lasern seiner Klasse.   <\/p>\n<p><strong>Der Preis gilt f\u00fcr das komplette Kit (Laser + Stativ max. 1m80 + Akku + Ladeger\u00e4t + Digitalempf\u00e4nger <strong>(LS-80X)<\/strong> + Lasermast + Koffer)<\/strong><\/p>\n","protected":false},"featured_media":17217,"template":"","meta":{"_acf_changed":false},"product_brand":[1260],"product_cat":[904],"product_tag":[],"class_list":{"0":"post-17225","1":"product","2":"type-product","3":"status-publish","4":"has-post-thumbnail","6":"product_brand-topcon-de","7":"product_cat-laser-empfanger","9":"first","10":"instock","11":"taxable","12":"shipping-taxable","13":"purchasable","14":"product-type-simple"},"acf":[],"_links":{"self":[{"href":"https:\/\/mdbouwmachines.be\/de\/wp-json\/wp\/v2\/product\/17225","targetHints":{"allow":["GET"]}}],"collection":[{"href":"https:\/\/mdbouwmachines.be\/de\/wp-json\/wp\/v2\/product"}],"about":[{"href":"https:\/\/mdbouwmachines.be\/de\/wp-json\/wp\/v2\/types\/product"}],"wp:featuredmedia":[{"embeddable":true,"href":"https:\/\/mdbouwmachines.be\/de\/wp-json\/wp\/v2\/media\/17217"}],"wp:attachment":[{"href":"https:\/\/mdbouwmachines.be\/de\/wp-json\/wp\/v2\/media?parent=17225"}],"wp:term":[{"taxonomy":"product_brand","embeddable":true,"href":"https:\/\/mdbouwmachines.be\/de\/wp-json\/wp\/v2\/product_brand?post=17225"},{"taxonomy":"product_cat","embeddable":true,"href":"https:\/\/mdbouwmachines.be\/de\/wp-json\/wp\/v2\/product_cat?post=17225"},{"taxonomy":"product_tag","embeddable":true,"href":"https:\/\/mdbouwmachines.be\/de\/wp-json\/wp\/v2\/product_tag?post=17225"}],"curies":[{"name":"wp","href":"https:\/\/api.w.org\/{rel}","templated":true}]}}