{"id":17122,"date":"2025-03-05T15:01:10","date_gmt":"2025-03-05T14:01:10","guid":{"rendered":"https:\/\/mdbouwmachines.be\/?post_type=product&#038;p=17122"},"modified":"2025-03-20T13:41:25","modified_gmt":"2025-03-20T12:41:25","slug":"bkgm-280-vs-4ps-kopie-kopie-kopie","status":"publish","type":"product","link":"https:\/\/mdbouwmachines.be\/de\/produkt\/bkgm-280-vs-4ps-kopie-kopie-kopie\/","title":{"rendered":"BKG 550 US"},"content":{"rendered":"\n<h2 class=\"wp-block-heading\"><\/h2>\n\n<hr class=\"wp-block-separator has-alpha-channel-opacity\" \/>\n\n<h2 class=\"wp-block-heading\">Hauptmerkmale:<\/h2>\n\n<ul class=\"wp-block-list\">\n<li>Einschaliges Fahrgestell, robust und kompakt f\u00fcr weniger Platz.<\/li>\n\n\n\n<li>180\u00b0 Neigungssystem f\u00fcr zus\u00e4tzliches Gewicht. Die Vertriebenen<br\/>Gewichte erh\u00f6hen den Schleifdruck. Die Gewichte<br\/>Nach hinten versetzt erleichtert das Neigen f\u00fcr den Werkzeugwechsel.<br\/>(Fakultativ)  <\/li>\n\n\n\n<li>46 Liter Wassertank.<\/li>\n\n\n\n<li>Leistungsstarke LED-Fluter vorne und hinten (optional).<\/li>\n\n\n\n<li>Vollst\u00e4ndiges Getriebe mit w\u00e4rmebehandelten Zahnr\u00e4dern f\u00fcr maximale<br\/>Zuverl\u00e4ssigkeit und Langlebigkeit.<\/li>\n\n\n\n<li>L\u00e4rmreduzierung schwebendes Planetarium.<\/li>\n\n\n\n<li>2 Jahre Garantie: Die GARANTIE f\u00fcr Maschinen, die mit<br\/>\u201eBetriebsstundenz\u00e4hler\u201d betr\u00e4gt bis zu 2 Jahre bzw. 600 Arbeitsstunden.<\/li>\n<\/ul>\n\n<hr class=\"wp-block-separator has-alpha-channel-opacity\" \/>\n\n<h2 class=\"wp-block-heading\">Technische Informationen<\/h2>\n\n<figure class=\"wp-block-table\"><table class=\"has-fixed-layout\"><tbody><tr><td class=\"has-text-align-center\" data-align=\"center\"><strong>Modell<\/strong><\/td><td class=\"has-text-align-center\" data-align=\"center\"><strong>Motor<\/strong><\/td><td class=\"has-text-align-center\" data-align=\"center\"><strong>Volt<\/strong><\/td><td class=\"has-text-align-center\" data-align=\"center\"><strong>RPM<\/strong><\/td><td class=\"has-text-align-center\" data-align=\"center\"><strong>Durchmesser<\/strong><\/td><td class=\"has-text-align-center\" data-align=\"center\"><strong>Ma\u00dfe<\/strong><\/td><td class=\"has-text-align-center\" data-align=\"center\"><strong>Gewicht<\/strong><\/td><\/tr><tr><td class=\"has-text-align-center\" data-align=\"center\">BKG 550 US<\/td><td class=\"has-text-align-center\" data-align=\"center\">4PS<\/td><td class=\"has-text-align-center\" data-align=\"center\">220<\/td><td class=\"has-text-align-center\" data-align=\"center\">600-1000<\/td><td class=\"has-text-align-center\" data-align=\"center\">550 mm<\/td><td class=\"has-text-align-center\" data-align=\"center\">120x125x47 cm<\/td><td class=\"has-text-align-center\" data-align=\"center\">210kg<\/td><\/tr><tr><td class=\"has-text-align-center\" data-align=\"center\">BKG 550 T5<\/td><td class=\"has-text-align-center\" data-align=\"center\">5,5 PS<\/td><td class=\"has-text-align-center\" data-align=\"center\">380-480V<\/td><td class=\"has-text-align-center\" data-align=\"center\">800<\/td><td class=\"has-text-align-center\" data-align=\"center\">550 mm<\/td><td class=\"has-text-align-center\" data-align=\"center\">120x125x47 cm<\/td><td class=\"has-text-align-center\" data-align=\"center\">210kg<\/td><\/tr><tr><td class=\"has-text-align-center\" data-align=\"center\">BKG 550 VS T5<\/td><td class=\"has-text-align-center\" data-align=\"center\">5,5 PS<\/td><td class=\"has-text-align-center\" data-align=\"center\">380-480V<\/td><td class=\"has-text-align-center\" data-align=\"center\">600-1000<\/td><td class=\"has-text-align-center\" data-align=\"center\">550mm<\/td><td class=\"has-text-align-center\" data-align=\"center\">120x125x47 cm<\/td><td class=\"has-text-align-center\" data-align=\"center\">210kg<\/td><\/tr><\/tbody><\/table><\/figure>\n\n<div class=\"wp-block-file\"><a id=\"wp-block-file--media-68ee3f32-e38c-4a88-9653-c11f1fc3e676\" href=\"https:\/\/mdbouwmachines.be\/wp-content\/uploads\/2025\/03\/BKG-Catalogue.pdf\">BKG Katalog<\/a><a href=\"https:\/\/mdbouwmachines.be\/wp-content\/uploads\/2025\/03\/BKG-Catalogue.pdf\" class=\"wp-block-file__button wp-element-button\" download=\"\" aria-describedby=\"wp-block-file--media-68ee3f32-e38c-4a88-9653-c11f1fc3e676\">Herunterladen<\/a><\/div>\n","protected":false},"excerpt":{"rendered":"<p><strong>Professionelle technologische Schleifmaschine<br \/>Das DCT-System erm\u00f6glicht es Ihnen, einen reibungslosen Betrieb mit nur<br \/>Rotation der Werkzeuge (DCT ON-Modus), oder mit dem klassischen<br \/>volle Drehung des Planeten (DCT OFF-Modus).<\/strong><\/p>\n","protected":false},"featured_media":17346,"template":"","meta":{"_acf_changed":false},"product_brand":[1124],"product_cat":[858],"product_tag":[],"class_list":{"0":"post-17122","1":"product","2":"type-product","3":"status-publish","4":"has-post-thumbnail","6":"product_brand-barikell-de","7":"product_cat-poliermaschinen","9":"first","10":"instock","11":"taxable","12":"shipping-taxable","13":"purchasable","14":"product-type-variable","15":"has-default-attributes"},"acf":[],"_links":{"self":[{"href":"https:\/\/mdbouwmachines.be\/de\/wp-json\/wp\/v2\/product\/17122","targetHints":{"allow":["GET"]}}],"collection":[{"href":"https:\/\/mdbouwmachines.be\/de\/wp-json\/wp\/v2\/product"}],"about":[{"href":"https:\/\/mdbouwmachines.be\/de\/wp-json\/wp\/v2\/types\/product"}],"wp:featuredmedia":[{"embeddable":true,"href":"https:\/\/mdbouwmachines.be\/de\/wp-json\/wp\/v2\/media\/17346"}],"wp:attachment":[{"href":"https:\/\/mdbouwmachines.be\/de\/wp-json\/wp\/v2\/media?parent=17122"}],"wp:term":[{"taxonomy":"product_brand","embeddable":true,"href":"https:\/\/mdbouwmachines.be\/de\/wp-json\/wp\/v2\/product_brand?post=17122"},{"taxonomy":"product_cat","embeddable":true,"href":"https:\/\/mdbouwmachines.be\/de\/wp-json\/wp\/v2\/product_cat?post=17122"},{"taxonomy":"product_tag","embeddable":true,"href":"https:\/\/mdbouwmachines.be\/de\/wp-json\/wp\/v2\/product_tag?post=17122"}],"curies":[{"name":"wp","href":"https:\/\/api.w.org\/{rel}","templated":true}]}}