{"id":17059,"date":"2025-03-05T14:26:37","date_gmt":"2025-03-05T13:26:37","guid":{"rendered":"https:\/\/mdbouwmachines.be\/?post_type=product&#038;p=17059"},"modified":"2025-03-20T13:41:32","modified_gmt":"2025-03-20T12:41:32","slug":"bkgm-280-vs-4ps-kopie-kopie","status":"publish","type":"product","link":"https:\/\/mdbouwmachines.be\/de\/produkt\/bkgm-280-vs-4ps-kopie-kopie\/","title":{"rendered":"BKGM 650 US"},"content":{"rendered":"\n<h2 class=\"wp-block-heading\"><\/h2>\n\n<hr class=\"wp-block-separator has-alpha-channel-opacity\" \/>\n\n<h2 class=\"wp-block-heading\">Definition:<\/h2>\n\n<p>Einscheibenschleifer, ideal f\u00fcr die Oberfl\u00e4chenvorbereitung auf gro\u00dfen Fl\u00e4chen. Die variable Geschwindigkeit bietet dem Benutzer eine bessere Leistung in Situationen, z. B. beim Entfernen der Klebebeschichtung, wenn eine zu hohe Geschwindigkeit Hitze erzeugt, die das Entfernen erschwert. Die Werkzeuge sind auf einer schwimmenden Scheibe montiert, die an einer sto\u00dffesten Verbindung befestigt ist, die maximale Zuverl\u00e4ssigkeit garantiert. Die BKGM 650 ist die einzige Einscheibenschleifmaschine, die mit einem elektrischen Kolben ausgestattet ist, mit dem der Druck des Werkzeugs reguliert und die Maschine stabilisiert werden kann, um unerwartete Reaktionen des Bedieners zu vermeiden. Das Ergebnis ist eine einzigartige, neue Maschine, die sich perfekt f\u00fcr eine Vielzahl von Arbeiten auf dem Boden eignet. Der BKGM 650 ist mit D\u00e4mpfern sowohl an der Schleifscheibe als auch an den empfindlichen Teilen des Schleifers ausgestattet, um Vibrationen auf den Bediener und die Maschine selbst zu minimieren. BKGM650 ist eine Hochleistungsmaschine, die au\u00dfergew\u00f6hnliche Leistung und intelligente Ergonomie f\u00fcr eine einfache Bedienung bietet. Sein typisches Design und seine Qualit\u00e4t 100% Made in Italy garantieren Zuverl\u00e4ssigkeit, Langlebigkeit und Spitzenleistung. Barikell stellt auch ein komplettes Sortiment an Diamantwerkzeugen f\u00fcr die BKGM 650 her, das von den aggressivsten Schleifwerkzeugen zum Entfernen sehr dicker Schichten bis hin zu den feinsten Schleifwerkzeugen reicht, die sich ideal zum Schlichten und Polieren von Betonb\u00f6den eignen.        <\/p>\n\n<hr class=\"wp-block-separator has-alpha-channel-opacity\" \/>\n\n<h2 class=\"wp-block-heading\">Technische Informationen<\/h2>\n\n<figure class=\"wp-block-table\"><table class=\"has-fixed-layout\"><tbody><tr><td class=\"has-text-align-center\" data-align=\"center\"><strong>Modell<\/strong><\/td><td class=\"has-text-align-center\" data-align=\"center\"><strong>Motor<\/strong><\/td><td class=\"has-text-align-center\" data-align=\"center\"><strong>Volt<\/strong><\/td><td class=\"has-text-align-center\" data-align=\"center\"><strong>RPM<\/strong><\/td><td class=\"has-text-align-center\" data-align=\"center\"><strong>Durchmesser<\/strong><\/td><td class=\"has-text-align-center\" data-align=\"center\"><strong>Ma\u00dfe<\/strong><\/td><td class=\"has-text-align-center\" data-align=\"center\"><strong>Gewicht<\/strong><\/td><\/tr><tr><td class=\"has-text-align-center\" data-align=\"center\">BKGM 650 US<\/td><td class=\"has-text-align-center\" data-align=\"center\">15 PS<\/td><td class=\"has-text-align-center\" data-align=\"center\">380-480<\/td><td class=\"has-text-align-center\" data-align=\"center\">700-1100<\/td><td class=\"has-text-align-center\" data-align=\"center\">ca. 400 mm<\/td><td class=\"has-text-align-center\" data-align=\"center\">120x125x67 cm<\/td><td class=\"has-text-align-center\" data-align=\"center\">320 kg<\/td><\/tr><\/tbody><\/table><\/figure>\n\n<hr class=\"wp-block-separator has-alpha-channel-opacity\" \/>\n\n<div class=\"wp-block-columns is-layout-flex wp-container-core-columns-is-layout-28f84493 wp-block-columns-is-layout-flex\">\n<div class=\"wp-block-column is-layout-flow wp-block-column-is-layout-flow\" style=\"flex-basis:25%\">\n<h2 class=\"wp-block-heading\">Katalog<\/h2>\n<\/div>\n\n\n\n<div class=\"wp-block-column is-layout-flow wp-block-column-is-layout-flow\" style=\"flex-basis:50%\">\n<div class=\"wp-block-file\"><a href=\"https:\/\/mdbouwmachines.be\/wp-content\/uploads\/2025\/03\/BKG-Catalogue-1.pdf\" class=\"wp-block-file__button wp-element-button\" download=\"\">Herunterladen<\/a><\/div>\n<\/div>\n\n\n\n<div class=\"wp-block-column is-layout-flow wp-block-column-is-layout-flow\" style=\"flex-basis:25%\"><\/div>\n<\/div>\n","protected":false},"excerpt":{"rendered":"<p>Professioneller Einscheibenschleifer mit variabler Geschwindigkeit.<\/p>\n","protected":false},"featured_media":17073,"template":"","meta":{"_acf_changed":false},"product_brand":[1124],"product_cat":[858],"product_tag":[],"class_list":{"0":"post-17059","1":"product","2":"type-product","3":"status-publish","4":"has-post-thumbnail","6":"product_brand-barikell-de","7":"product_cat-poliermaschinen","9":"first","10":"instock","11":"taxable","12":"shipping-taxable","13":"purchasable","14":"product-type-simple"},"acf":[],"_links":{"self":[{"href":"https:\/\/mdbouwmachines.be\/de\/wp-json\/wp\/v2\/product\/17059","targetHints":{"allow":["GET"]}}],"collection":[{"href":"https:\/\/mdbouwmachines.be\/de\/wp-json\/wp\/v2\/product"}],"about":[{"href":"https:\/\/mdbouwmachines.be\/de\/wp-json\/wp\/v2\/types\/product"}],"wp:featuredmedia":[{"embeddable":true,"href":"https:\/\/mdbouwmachines.be\/de\/wp-json\/wp\/v2\/media\/17073"}],"wp:attachment":[{"href":"https:\/\/mdbouwmachines.be\/de\/wp-json\/wp\/v2\/media?parent=17059"}],"wp:term":[{"taxonomy":"product_brand","embeddable":true,"href":"https:\/\/mdbouwmachines.be\/de\/wp-json\/wp\/v2\/product_brand?post=17059"},{"taxonomy":"product_cat","embeddable":true,"href":"https:\/\/mdbouwmachines.be\/de\/wp-json\/wp\/v2\/product_cat?post=17059"},{"taxonomy":"product_tag","embeddable":true,"href":"https:\/\/mdbouwmachines.be\/de\/wp-json\/wp\/v2\/product_tag?post=17059"}],"curies":[{"name":"wp","href":"https:\/\/api.w.org\/{rel}","templated":true}]}}