{"id":16965,"date":"2025-03-04T16:48:12","date_gmt":"2025-03-04T15:48:12","guid":{"rendered":"https:\/\/mdbouwmachines.be\/?post_type=product&#038;p=16965"},"modified":"2025-03-20T13:41:38","modified_gmt":"2025-03-20T12:41:38","slug":"levelfix-p180em-stativ-kopie-kopie-kopie","status":"publish","type":"product","link":"https:\/\/mdbouwmachines.be\/de\/produkt\/levelfix-p180em-stativ-kopie-kopie-kopie\/","title":{"rendered":"Levelfix SLD800 Digitaler mm-Empf\u00e4nger"},"content":{"rendered":"","protected":false},"excerpt":{"rendered":"<p><strong>Zubeh\u00f6r f\u00fcr den Levelfix 860HVS Laser.<br \/><\/strong><br \/>Digitaler mm-Empf\u00e4nger f\u00fcr Laser mit sichtbarem und unsichtbarem rotem Strahl. Der SLD800 ist f\u00fcr alle rotierenden Laser mit rotem Strahl geeignet. Der Empf\u00e4nger verf\u00fcgt \u00fcber ein gro\u00dfes Empfangsfenster, ein beleuchtetes und helles Display und hat eine Reichweite von 500 Metern.  <\/p>\n","protected":false},"featured_media":16970,"template":"","meta":{"_acf_changed":false},"product_brand":[1256],"product_cat":[904],"product_tag":[],"class_list":{"0":"post-16965","1":"product","2":"type-product","3":"status-publish","4":"has-post-thumbnail","6":"product_brand-levelfix-de","7":"product_cat-laser-empfanger","9":"first","10":"instock","11":"taxable","12":"shipping-taxable","13":"purchasable","14":"product-type-simple"},"acf":[],"_links":{"self":[{"href":"https:\/\/mdbouwmachines.be\/de\/wp-json\/wp\/v2\/product\/16965","targetHints":{"allow":["GET"]}}],"collection":[{"href":"https:\/\/mdbouwmachines.be\/de\/wp-json\/wp\/v2\/product"}],"about":[{"href":"https:\/\/mdbouwmachines.be\/de\/wp-json\/wp\/v2\/types\/product"}],"wp:featuredmedia":[{"embeddable":true,"href":"https:\/\/mdbouwmachines.be\/de\/wp-json\/wp\/v2\/media\/16970"}],"wp:attachment":[{"href":"https:\/\/mdbouwmachines.be\/de\/wp-json\/wp\/v2\/media?parent=16965"}],"wp:term":[{"taxonomy":"product_brand","embeddable":true,"href":"https:\/\/mdbouwmachines.be\/de\/wp-json\/wp\/v2\/product_brand?post=16965"},{"taxonomy":"product_cat","embeddable":true,"href":"https:\/\/mdbouwmachines.be\/de\/wp-json\/wp\/v2\/product_cat?post=16965"},{"taxonomy":"product_tag","embeddable":true,"href":"https:\/\/mdbouwmachines.be\/de\/wp-json\/wp\/v2\/product_tag?post=16965"}],"curies":[{"name":"wp","href":"https:\/\/api.w.org\/{rel}","templated":true}]}}