{"id":16938,"date":"2025-03-04T16:18:24","date_gmt":"2025-03-04T15:18:24","guid":{"rendered":"https:\/\/mdbouwmachines.be\/product\/levelfix-p180em-stativ\/"},"modified":"2025-03-07T14:58:09","modified_gmt":"2025-03-07T13:58:09","slug":"levelfix-p180em-stativ","status":"publish","type":"product","link":"https:\/\/mdbouwmachines.be\/de\/produkt\/levelfix-p180em-stativ\/","title":{"rendered":"Levelfix P180EM Stativ"},"content":{"rendered":"","protected":false},"excerpt":{"rendered":"<p><strong>Zubeh\u00f6r f\u00fcr die Levelfix Laser.<br \/><\/strong><br \/>Das Levelfix P180EM ist ein Au\u00dfenstativ und daher am besten f\u00fcr den Au\u00dfenbereich geeignet. Das Stativ ist mit Beinspitzen aus Metall ausgestattet, die f\u00fcr mehr Festigkeit in die Oberfl\u00e4che gedr\u00fcckt werden k\u00f6nnen. Zus\u00e4tzlich ist der P180EM mit einem Spreizschutz ausgestattet.  <\/p>\n","protected":false},"featured_media":16936,"template":"","meta":{"_acf_changed":false},"product_brand":[1256],"product_cat":[904],"product_tag":[],"class_list":{"0":"post-16938","1":"product","2":"type-product","3":"status-publish","4":"has-post-thumbnail","6":"product_brand-levelfix-de","7":"product_cat-laser-empfanger","9":"first","10":"instock","11":"taxable","12":"shipping-taxable","13":"purchasable","14":"product-type-simple"},"acf":[],"_links":{"self":[{"href":"https:\/\/mdbouwmachines.be\/de\/wp-json\/wp\/v2\/product\/16938","targetHints":{"allow":["GET"]}}],"collection":[{"href":"https:\/\/mdbouwmachines.be\/de\/wp-json\/wp\/v2\/product"}],"about":[{"href":"https:\/\/mdbouwmachines.be\/de\/wp-json\/wp\/v2\/types\/product"}],"wp:featuredmedia":[{"embeddable":true,"href":"https:\/\/mdbouwmachines.be\/de\/wp-json\/wp\/v2\/media\/16936"}],"wp:attachment":[{"href":"https:\/\/mdbouwmachines.be\/de\/wp-json\/wp\/v2\/media?parent=16938"}],"wp:term":[{"taxonomy":"product_brand","embeddable":true,"href":"https:\/\/mdbouwmachines.be\/de\/wp-json\/wp\/v2\/product_brand?post=16938"},{"taxonomy":"product_cat","embeddable":true,"href":"https:\/\/mdbouwmachines.be\/de\/wp-json\/wp\/v2\/product_cat?post=16938"},{"taxonomy":"product_tag","embeddable":true,"href":"https:\/\/mdbouwmachines.be\/de\/wp-json\/wp\/v2\/product_tag?post=16938"}],"curies":[{"name":"wp","href":"https:\/\/api.w.org\/{rel}","templated":true}]}}