{"id":16910,"date":"2025-03-04T15:44:37","date_gmt":"2025-03-04T14:44:37","guid":{"rendered":"https:\/\/mdbouwmachines.be\/?post_type=product&#038;p=16910"},"modified":"2025-03-20T13:41:44","modified_gmt":"2025-03-20T12:41:44","slug":"levelfix-860h-laser-kopie","status":"publish","type":"product","link":"https:\/\/mdbouwmachines.be\/de\/produkt\/levelfix-860h-laser-kopie\/","title":{"rendered":"Levelfix 860HVS Laser"},"content":{"rendered":"\n<hr class=\"wp-block-separator has-alpha-channel-opacity is-style-dots\" \/>\n\n<p>Das Ausrichten wird zum Kinderspiel, die einzigartige Auto-Alignment-Funktion sowohl auf der x- als auch auf der y-Achse sorgt daf\u00fcr, dass der Laser selbst die Mitte des Empf\u00e4ngers findet. Platzieren Sie den Empf\u00e4nger in der H\u00f6he und mit nur einem Knopfdruck sucht der Laser selbst nach dem Empf\u00e4nger und eine Neigung wird eingestellt. Die hohe einstellbare Drehzahl von 1200 U\/min macht den Laser ideal f\u00fcr den Einsatz mit Maschinenempf\u00e4ngern. Zus\u00e4tzlich ist der 860HVS mit einer Fensterabschaltung (dem \u201eVerblenden\u201d bestimmter Seiten) ausgestattet. Diese Funktion stellt sicher, dass Sie den Laser auch dort einsetzen k\u00f6nnen, wo es zu einer Reflexion des Laserstrahls kommen kann. Sie schalten einfach die Seite aus, die eine Reflexion an Fenstern oder reflektierenden Materialien verursacht, oder an der der Laserstrahl nicht erkennbar sein soll.     <\/p>\n","protected":false},"excerpt":{"rendered":"<p>Der smarte digitale Hanglaser. Die Neigung kann bei der 860HVS, die mit einem gro\u00dfen und \u00fcbersichtlichen Display ausgestattet ist, auf beiden Achsen digital eingestellt werden. Die SmartSlope-Technologie sorgt f\u00fcr eine kontrollierte Neigung mit HI-Schutz und beh\u00e4lt Temperaturschwankungen im Auge.  <\/p>\n<p><strong>Der Preis gilt f\u00fcr das komplette Kit (Laser + Fernbedienung + Stativ max. 1m80 + Akku + Ladeger\u00e4t + Digitalempf\u00e4nger + Lasermast + Koffer)<\/strong><\/p>\n","protected":false},"featured_media":16920,"template":"","meta":{"_acf_changed":false},"product_brand":[1256],"product_cat":[904],"product_tag":[],"class_list":{"0":"post-16910","1":"product","2":"type-product","3":"status-publish","4":"has-post-thumbnail","6":"product_brand-levelfix-de","7":"product_cat-laser-empfanger","9":"first","10":"instock","11":"taxable","12":"shipping-taxable","13":"purchasable","14":"product-type-simple"},"acf":[],"_links":{"self":[{"href":"https:\/\/mdbouwmachines.be\/de\/wp-json\/wp\/v2\/product\/16910","targetHints":{"allow":["GET"]}}],"collection":[{"href":"https:\/\/mdbouwmachines.be\/de\/wp-json\/wp\/v2\/product"}],"about":[{"href":"https:\/\/mdbouwmachines.be\/de\/wp-json\/wp\/v2\/types\/product"}],"wp:featuredmedia":[{"embeddable":true,"href":"https:\/\/mdbouwmachines.be\/de\/wp-json\/wp\/v2\/media\/16920"}],"wp:attachment":[{"href":"https:\/\/mdbouwmachines.be\/de\/wp-json\/wp\/v2\/media?parent=16910"}],"wp:term":[{"taxonomy":"product_brand","embeddable":true,"href":"https:\/\/mdbouwmachines.be\/de\/wp-json\/wp\/v2\/product_brand?post=16910"},{"taxonomy":"product_cat","embeddable":true,"href":"https:\/\/mdbouwmachines.be\/de\/wp-json\/wp\/v2\/product_cat?post=16910"},{"taxonomy":"product_tag","embeddable":true,"href":"https:\/\/mdbouwmachines.be\/de\/wp-json\/wp\/v2\/product_tag?post=16910"}],"curies":[{"name":"wp","href":"https:\/\/api.w.org\/{rel}","templated":true}]}}