{"id":16854,"date":"2025-03-04T14:59:35","date_gmt":"2025-03-04T13:59:35","guid":{"rendered":"https:\/\/mdbouwmachines.be\/product\/levelfix-860h-laser\/"},"modified":"2025-03-20T13:41:47","modified_gmt":"2025-03-20T12:41:47","slug":"levelfix-860h-laser","status":"publish","type":"product","link":"https:\/\/mdbouwmachines.be\/de\/produkt\/levelfix-860h-laser\/","title":{"rendered":"Levelfix 860H Laser"},"content":{"rendered":"\n<hr class=\"wp-block-separator has-alpha-channel-opacity is-style-dots\" \/>\n\n<p>Dank der Kippfunktion pr\u00fcft der Laser st\u00e4ndig die H\u00f6he, sodass Sie immer mit der richtigen Gr\u00f6\u00dfe arbeiten. \u00c4ndert sich die H\u00f6he mit der Bewegung? Dann verriegelt es automatisch, so dass Sie nie einen Fehler machen. Zus\u00e4tzlich zu dieser Funktion verf\u00fcgt der 860H \u00fcber eine Slope-Funktion. Mit dieser Funktion k\u00f6nnen Sie schnell und einfach eine halbautomatische Neigung sowohl auf der x- als auch auf der y-Achse festlegen.    <\/p>\n\n<p>Der Levelfix 860H wird mit dem digitalen DLD100GR-Empf\u00e4nger geliefert, der eine Reichweite von bis zu 600 Metern erm\u00f6glicht. Dieser Empf\u00e4nger ist pr\u00e4zise, einfach zu bedienen, feuchtigkeitsbest\u00e4ndig und kann einiges aushalten. Zus\u00e4tzlich zeigt dieser Empf\u00e4nger die Differenz bis zur 0-Linie in Millimetern an.  <\/p>\n","protected":false},"excerpt":{"rendered":"<p>Der Standard f\u00fcr jedes Geb\u00e4ude. Der 860H ist ein robuster horizontaler Baulaser, der unter h\u00e4rtesten Bedingungen arbeiten kann. Die hervorragende Leistung sorgt daf\u00fcr, dass der 860H ein zuverl\u00e4ssiger Partner f\u00fcr jedes Projekt ist.  <\/p>\n<p><strong>Der Preis gilt f\u00fcr das komplette Kit (Laser + Stativ max. 1m80 + Akku + Ladeger\u00e4t + Empf\u00e4nger + Laserstange + Koffer)<\/strong><\/p>\n","protected":false},"featured_media":16890,"template":"","meta":{"_acf_changed":false},"product_brand":[1256],"product_cat":[904],"product_tag":[],"class_list":{"0":"post-16854","1":"product","2":"type-product","3":"status-publish","4":"has-post-thumbnail","6":"product_brand-levelfix-de","7":"product_cat-laser-empfanger","9":"first","10":"instock","11":"taxable","12":"shipping-taxable","13":"purchasable","14":"product-type-simple"},"acf":[],"_links":{"self":[{"href":"https:\/\/mdbouwmachines.be\/de\/wp-json\/wp\/v2\/product\/16854","targetHints":{"allow":["GET"]}}],"collection":[{"href":"https:\/\/mdbouwmachines.be\/de\/wp-json\/wp\/v2\/product"}],"about":[{"href":"https:\/\/mdbouwmachines.be\/de\/wp-json\/wp\/v2\/types\/product"}],"wp:featuredmedia":[{"embeddable":true,"href":"https:\/\/mdbouwmachines.be\/de\/wp-json\/wp\/v2\/media\/16890"}],"wp:attachment":[{"href":"https:\/\/mdbouwmachines.be\/de\/wp-json\/wp\/v2\/media?parent=16854"}],"wp:term":[{"taxonomy":"product_brand","embeddable":true,"href":"https:\/\/mdbouwmachines.be\/de\/wp-json\/wp\/v2\/product_brand?post=16854"},{"taxonomy":"product_cat","embeddable":true,"href":"https:\/\/mdbouwmachines.be\/de\/wp-json\/wp\/v2\/product_cat?post=16854"},{"taxonomy":"product_tag","embeddable":true,"href":"https:\/\/mdbouwmachines.be\/de\/wp-json\/wp\/v2\/product_tag?post=16854"}],"curies":[{"name":"wp","href":"https:\/\/api.w.org\/{rel}","templated":true}]}}