{"id":16830,"date":"2025-03-04T14:02:47","date_gmt":"2025-03-04T13:02:47","guid":{"rendered":"https:\/\/mdbouwmachines.be\/?post_type=product&#038;p=16830"},"modified":"2025-03-20T13:41:48","modified_gmt":"2025-03-20T12:41:48","slug":"tjep-verlangerungsstange-kopie-kopie-kopie","status":"publish","type":"product","link":"https:\/\/mdbouwmachines.be\/de\/produkt\/tjep-verlangerungsstange-kopie-kopie-kopie\/","title":{"rendered":"TJEP Batterieladeger\u00e4t"},"content":{"rendered":"","protected":false},"excerpt":{"rendered":"<p><strong>Zubeh\u00f6r f\u00fcr die <a href=\"https:\/\/mdbouwmachines.be\/de\/produkt\/tjep-flechtmaschine\/\" data-type=\"link\" data-id=\"https:\/\/mdbouwmachines.be\/product\/tjep-vlechtmachine\/\">Flechtmaschine TJEP ULTRA GRIP 40<\/a>.<\/strong><br \/><strong><br \/><\/strong>Ladeger\u00e4t f\u00fcr den TJEP 4,0 Ah Lithium-Ionen-Akku.<\/p>\n","protected":false},"featured_media":16835,"template":"","meta":{"_acf_changed":false},"product_brand":[1164],"product_cat":[370],"product_tag":[],"class_list":{"0":"post-16830","1":"product","2":"type-product","3":"status-publish","4":"has-post-thumbnail","6":"product_brand-tjep-de","7":"product_cat-handmachines-de","9":"first","10":"instock","11":"taxable","12":"shipping-taxable","13":"purchasable","14":"product-type-simple"},"acf":[],"_links":{"self":[{"href":"https:\/\/mdbouwmachines.be\/de\/wp-json\/wp\/v2\/product\/16830","targetHints":{"allow":["GET"]}}],"collection":[{"href":"https:\/\/mdbouwmachines.be\/de\/wp-json\/wp\/v2\/product"}],"about":[{"href":"https:\/\/mdbouwmachines.be\/de\/wp-json\/wp\/v2\/types\/product"}],"wp:featuredmedia":[{"embeddable":true,"href":"https:\/\/mdbouwmachines.be\/de\/wp-json\/wp\/v2\/media\/16835"}],"wp:attachment":[{"href":"https:\/\/mdbouwmachines.be\/de\/wp-json\/wp\/v2\/media?parent=16830"}],"wp:term":[{"taxonomy":"product_brand","embeddable":true,"href":"https:\/\/mdbouwmachines.be\/de\/wp-json\/wp\/v2\/product_brand?post=16830"},{"taxonomy":"product_cat","embeddable":true,"href":"https:\/\/mdbouwmachines.be\/de\/wp-json\/wp\/v2\/product_cat?post=16830"},{"taxonomy":"product_tag","embeddable":true,"href":"https:\/\/mdbouwmachines.be\/de\/wp-json\/wp\/v2\/product_tag?post=16830"}],"curies":[{"name":"wp","href":"https:\/\/api.w.org\/{rel}","templated":true}]}}