{"id":16806,"date":"2025-03-04T13:52:57","date_gmt":"2025-03-04T12:52:57","guid":{"rendered":"https:\/\/mdbouwmachines.be\/product\/tjep-verlaengerungsstange\/"},"modified":"2025-03-04T16:26:22","modified_gmt":"2025-03-04T15:26:22","slug":"tjep-verlaengerungsstange","status":"publish","type":"product","link":"https:\/\/mdbouwmachines.be\/de\/produkt\/tjep-verlaengerungsstange\/","title":{"rendered":"TJEP Verl\u00e4ngerungsstange"},"content":{"rendered":"","protected":false},"excerpt":{"rendered":"<p><strong>Zubeh\u00f6r f\u00fcr die <a href=\"https:\/\/mdbouwmachines.be\/product\/tjep-vlechtmachine\/\" data-type=\"link\" data-id=\"https:\/\/mdbouwmachines.be\/product\/tjep-vlechtmachine\/\">Flechtmaschine TJEP ULTRA GRIP 40<\/a>.<\/strong><\/p>\n<p>Praktisches Verl\u00e4ngerungswerkzeug f\u00fcr schwer zug\u00e4ngliche Stellen.<\/p>\n","protected":false},"featured_media":16801,"template":"","meta":{"_acf_changed":false},"product_brand":[1164],"product_cat":[370],"product_tag":[],"class_list":{"0":"post-16806","1":"product","2":"type-product","3":"status-publish","4":"has-post-thumbnail","6":"product_brand-tjep-de","7":"product_cat-handmachines-de","9":"first","10":"instock","11":"taxable","12":"shipping-taxable","13":"purchasable","14":"product-type-simple"},"acf":[],"_links":{"self":[{"href":"https:\/\/mdbouwmachines.be\/de\/wp-json\/wp\/v2\/product\/16806","targetHints":{"allow":["GET"]}}],"collection":[{"href":"https:\/\/mdbouwmachines.be\/de\/wp-json\/wp\/v2\/product"}],"about":[{"href":"https:\/\/mdbouwmachines.be\/de\/wp-json\/wp\/v2\/types\/product"}],"wp:featuredmedia":[{"embeddable":true,"href":"https:\/\/mdbouwmachines.be\/de\/wp-json\/wp\/v2\/media\/16801"}],"wp:attachment":[{"href":"https:\/\/mdbouwmachines.be\/de\/wp-json\/wp\/v2\/media?parent=16806"}],"wp:term":[{"taxonomy":"product_brand","embeddable":true,"href":"https:\/\/mdbouwmachines.be\/de\/wp-json\/wp\/v2\/product_brand?post=16806"},{"taxonomy":"product_cat","embeddable":true,"href":"https:\/\/mdbouwmachines.be\/de\/wp-json\/wp\/v2\/product_cat?post=16806"},{"taxonomy":"product_tag","embeddable":true,"href":"https:\/\/mdbouwmachines.be\/de\/wp-json\/wp\/v2\/product_tag?post=16806"}],"curies":[{"name":"wp","href":"https:\/\/api.w.org\/{rel}","templated":true}]}}