{"id":16779,"date":"2025-03-04T13:45:06","date_gmt":"2025-03-04T12:45:06","guid":{"rendered":"https:\/\/mdbouwmachines.be\/?post_type=product&#038;p=16779"},"modified":"2025-03-20T13:41:53","modified_gmt":"2025-03-20T12:41:53","slug":"tjep-hc-18b-hydra-schneider-kopie","status":"publish","type":"product","link":"https:\/\/mdbouwmachines.be\/de\/produkt\/tjep-hc-18b-hydra-schneider-kopie\/","title":{"rendered":"TJEP HCS-20B Hydra-Schneider"},"content":{"rendered":"\n<hr class=\"wp-block-separator has-alpha-channel-opacity is-style-dots\" \/>\n\n<h2 class=\"wp-block-heading\">Hauptmerkmale<\/h2>\n\n<ul class=\"wp-block-list\">\n<li>18V b\u00fcrstenloser Motor<\/li>\n\n\n\n<li>Leichter Scherenschneidkopf<\/li>\n\n\n\n<li>360\u00b0 drehbarer, leichter Scherenschneidkopf<\/li>\n\n\n\n<li>Schnitte bis zu \u00d820 mm Bewehrungsstahl\/Gitter<\/li>\n\n\n\n<li>Schnittgeschwindigkeit 3 bis 5 Sek.<\/li>\n\n\n\n<li>Kraftvolles und pr\u00e4zises Schneiden<\/li>\n\n\n\n<li>R\u00fcckschlagventil f\u00fcr eine sichere und benutzerfreundliche Anwendung<\/li>\n\n\n\n<li>Langlebiger Fr\u00e4ser aus Betonstahl f\u00fcr den flexiblen Einsatz (Klingen k\u00f6nnen an mehreren Seiten verwendet werden)<\/li>\n\n\n\n<li>Funkenfreies Schneiden<\/li>\n\n\n\n<li>Schnitte pro Akkuladung:\n<ul class=\"wp-block-list\">\n<li>\u00d820 mm: ca. 109 Schnitte<\/li>\n\n\n\n<li>\u00d816 mm: ca. 210 Schnitte<\/li>\n\n\n\n<li>\u00d812 mm: ca. 392 Schnitte<\/li>\n<\/ul>\n<\/li>\n<\/ul>\n","protected":false},"excerpt":{"rendered":"<p>Erleben Sie beispiellose Schnittfreiheit mit hochwertiger Pr\u00e4zision, und das ganz ohne die Einschr\u00e4nkungen von Kabeln!<\/p>\n<p><strong>Der Preis gilt f\u00fcr das komplette Kit (Maschine + Koffer + 2x Akku + Ladeger\u00e4t)<\/strong><\/p>\n","protected":false},"featured_media":16785,"template":"","meta":{"_acf_changed":false},"product_brand":[1164],"product_cat":[370],"product_tag":[],"class_list":{"0":"post-16779","1":"product","2":"type-product","3":"status-publish","4":"has-post-thumbnail","6":"product_brand-tjep-de","7":"product_cat-handmachines-de","9":"first","10":"instock","11":"taxable","12":"shipping-taxable","13":"purchasable","14":"product-type-simple"},"acf":[],"_links":{"self":[{"href":"https:\/\/mdbouwmachines.be\/de\/wp-json\/wp\/v2\/product\/16779","targetHints":{"allow":["GET"]}}],"collection":[{"href":"https:\/\/mdbouwmachines.be\/de\/wp-json\/wp\/v2\/product"}],"about":[{"href":"https:\/\/mdbouwmachines.be\/de\/wp-json\/wp\/v2\/types\/product"}],"wp:featuredmedia":[{"embeddable":true,"href":"https:\/\/mdbouwmachines.be\/de\/wp-json\/wp\/v2\/media\/16785"}],"wp:attachment":[{"href":"https:\/\/mdbouwmachines.be\/de\/wp-json\/wp\/v2\/media?parent=16779"}],"wp:term":[{"taxonomy":"product_brand","embeddable":true,"href":"https:\/\/mdbouwmachines.be\/de\/wp-json\/wp\/v2\/product_brand?post=16779"},{"taxonomy":"product_cat","embeddable":true,"href":"https:\/\/mdbouwmachines.be\/de\/wp-json\/wp\/v2\/product_cat?post=16779"},{"taxonomy":"product_tag","embeddable":true,"href":"https:\/\/mdbouwmachines.be\/de\/wp-json\/wp\/v2\/product_tag?post=16779"}],"curies":[{"name":"wp","href":"https:\/\/api.w.org\/{rel}","templated":true}]}}