{"id":16743,"date":"2025-03-03T13:37:40","date_gmt":"2025-03-03T12:37:40","guid":{"rendered":"https:\/\/mdbouwmachines.be\/product\/lissmach-dts-1000\/"},"modified":"2025-03-07T15:05:30","modified_gmt":"2025-03-07T14:05:30","slug":"lissmach-dts-1000","status":"publish","type":"product","link":"https:\/\/mdbouwmachines.be\/de\/produkt\/lissmach-dts-1000\/","title":{"rendered":"Lissmach DTS 1000"},"content":{"rendered":"\n<hr class=\"wp-block-separator has-alpha-channel-opacity is-style-dots\" \/>\n\n<p>Modernste Technik und ein anwenderorientiertes Design machen die DTS 1000 zur Allround-S\u00e4ge f\u00fcr den t\u00e4glichen, anspruchsvollen Einsatz. Die wartungsarme Bauweise garantiert Betriebssicherheit. Die Tischkreiss\u00e4ge schneidet mit 1000 mm S\u00e4gebl\u00e4ttern bis zu einer Tiefe von 420 mm (Standard 920 mm S\u00e4geblatt f\u00fcr 370 mm Tiefe). Die maximale Schnittl\u00e4nge betr\u00e4gt 660 mm. Der leistungsstarke 7,5 kW 400 V Motor sorgt f\u00fcr eine hohe Schnittleistung bei einer optimalen Arbeitsdrehzahl von bis zu 910 U\/min. Statt mit einem verschlei\u00dfanf\u00e4lligen Keilriemen arbeitet die Steins\u00e4ge mit einem Kettenantrieb in einem komplett geschlossenen und wartungsarmen Getriebe. Der S\u00e4geblattvorschub erfolgt manuell (DTS 1000 H) oder mit einer Kurbel (DTS 1000 V).      <\/p>\n\n<hr class=\"wp-block-separator has-alpha-channel-opacity\" \/>\n\n<!--more documentatie-->\n\n<div class=\"wp-block-columns is-layout-flex wp-container-core-columns-is-layout-28f84493 wp-block-columns-is-layout-flex\">\n<div class=\"wp-block-column is-layout-flow wp-block-column-is-layout-flow\" style=\"flex-basis:25%\">\n<h2 class=\"wp-block-heading\">Technisches Datenblatt<\/h2>\n<\/div>\n\n\n\n<div class=\"wp-block-column is-layout-flow wp-block-column-is-layout-flow\" style=\"flex-basis:50%\">\n<div class=\"wp-block-file\"><a href=\"https:\/\/mdbouwmachines.be\/wp-content\/uploads\/2025\/03\/LissmacDTS1000_Technische-Fiche.pdf\" class=\"wp-block-file__button wp-element-button\" download=\"\">Herunterladen<\/a><\/div>\n<\/div>\n\n\n\n<div class=\"wp-block-column is-layout-flow wp-block-column-is-layout-flow\" style=\"flex-basis:25%\"><\/div>\n<\/div>\n\n<hr class=\"wp-block-separator has-alpha-channel-opacity is-style-dots\" \/>\n","protected":false},"excerpt":{"rendered":"<p>Die langlebige XL-L\u00f6sung f\u00fcr den anspruchsvollen professionellen Einsatz. Dieser Allrounder ist f\u00fcr jede Baustelle verf\u00fcgbar und besticht durch modernste Technik und anwenderorientierte Konstruktion. <\/p>\n<p><strong>Interessiert an einer Demo? Rufen Sie uns gerne f\u00fcr einen Termin in unserem Showroom an! <\/strong><\/p>\n","protected":false},"featured_media":16731,"template":"","meta":{"_acf_changed":false},"product_brand":[1156],"product_cat":[845],"product_tag":[],"class_list":{"0":"post-16743","1":"product","2":"type-product","3":"status-publish","4":"has-post-thumbnail","6":"product_brand-lissmac-de","7":"product_cat-tischkreissagen","9":"first","10":"instock","11":"taxable","12":"shipping-taxable","13":"purchasable","14":"product-type-simple"},"acf":[],"_links":{"self":[{"href":"https:\/\/mdbouwmachines.be\/de\/wp-json\/wp\/v2\/product\/16743","targetHints":{"allow":["GET"]}}],"collection":[{"href":"https:\/\/mdbouwmachines.be\/de\/wp-json\/wp\/v2\/product"}],"about":[{"href":"https:\/\/mdbouwmachines.be\/de\/wp-json\/wp\/v2\/types\/product"}],"wp:featuredmedia":[{"embeddable":true,"href":"https:\/\/mdbouwmachines.be\/de\/wp-json\/wp\/v2\/media\/16731"}],"wp:attachment":[{"href":"https:\/\/mdbouwmachines.be\/de\/wp-json\/wp\/v2\/media?parent=16743"}],"wp:term":[{"taxonomy":"product_brand","embeddable":true,"href":"https:\/\/mdbouwmachines.be\/de\/wp-json\/wp\/v2\/product_brand?post=16743"},{"taxonomy":"product_cat","embeddable":true,"href":"https:\/\/mdbouwmachines.be\/de\/wp-json\/wp\/v2\/product_cat?post=16743"},{"taxonomy":"product_tag","embeddable":true,"href":"https:\/\/mdbouwmachines.be\/de\/wp-json\/wp\/v2\/product_tag?post=16743"}],"curies":[{"name":"wp","href":"https:\/\/api.w.org\/{rel}","templated":true}]}}