{"id":16673,"date":"2025-02-28T11:39:01","date_gmt":"2025-02-28T10:39:01","guid":{"rendered":"https:\/\/mdbouwmachines.be\/product\/lissmac-dts-420-pe-n\/"},"modified":"2025-03-07T15:05:29","modified_gmt":"2025-03-07T14:05:29","slug":"lissmac-dts-420-pe-n","status":"publish","type":"product","link":"https:\/\/mdbouwmachines.be\/de\/produkt\/lissmac-dts-420-pe-n\/","title":{"rendered":"Lissmac DTS 420 PE-N"},"content":{"rendered":"\n<hr class=\"wp-block-separator has-alpha-channel-opacity is-style-dots\" \/>\n\n<p>Die DTS 420 PE-N ist f\u00fcr die effiziente Bearbeitung von gro\u00dfen Bl\u00f6cken da. Die PE-Version verf\u00fcgt \u00fcber einen integrierten Wagen, der die Verarbeitung von gro\u00dfen Bl\u00f6cken erleichtert. Die Steins\u00e4ge erreicht dies in Kombination mit dem LISSMAC Minikran LMK 400, einem einzigartigen System zum Setzen gro\u00dfer Bl\u00f6cke. Eine hochwertige Kette \u00fcbertr\u00e4gt die Motorleistung in ein vollst\u00e4ndig geschlossenes und wartungsarmes Getriebe. Dadurch entf\u00e4llt das zeitaufw\u00e4ndige Spannen der sonst \u00fcblichen Keilriemen. Der 7,5 kW starke 400-V-Elektromotor dreht das 900 mm bzw. 1.000 mm messende S\u00e4geblatt auf bis zu 910 U\/min. Damit werden Schnitte bis max. 420 mm tief und 650 mm lang m\u00f6glich.      <\/p>\n\n<hr class=\"wp-block-separator has-alpha-channel-opacity\" \/>\n\n<!--more documentatie-->\n\n<div class=\"wp-block-columns is-layout-flex wp-container-core-columns-is-layout-28f84493 wp-block-columns-is-layout-flex\">\n<div class=\"wp-block-column is-layout-flow wp-block-column-is-layout-flow\" style=\"flex-basis:25%\">\n<h2 class=\"wp-block-heading\">Technisches Datenblatt<\/h2>\n<\/div>\n\n\n\n<div class=\"wp-block-column is-layout-flow wp-block-column-is-layout-flow\" style=\"flex-basis:50%\">\n<div class=\"wp-block-file\"><a href=\"https:\/\/mdbouwmachines.be\/wp-content\/uploads\/2025\/03\/LissmacDTS420PE-N_Technische-Fiche.pdf\" class=\"wp-block-file__button wp-element-button\" download=\"\">Herunterladen<\/a><\/div>\n<\/div>\n\n\n\n<div class=\"wp-block-column is-layout-flow wp-block-column-is-layout-flow\" style=\"flex-basis:25%\"><\/div>\n<\/div>\n\n<hr class=\"wp-block-separator has-alpha-channel-opacity is-style-dots\" \/>\n","protected":false},"excerpt":{"rendered":"<p>Gemacht f\u00fcr raue Arbeit. Der Effizienzmeister in der Verarbeitung von Gro\u00dfbl\u00f6cken und Bauelementen gl\u00e4nzt mit kurzen Bearbeitungszeiten und einfachem Handling. <\/p>\n<p><strong>Interessiert an einer Demo? Rufen Sie uns gerne f\u00fcr einen Termin in unserem Showroom an! <\/strong><\/p>\n","protected":false},"featured_media":16708,"template":"","meta":{"_acf_changed":false},"product_brand":[1156],"product_cat":[845],"product_tag":[],"class_list":{"0":"post-16673","1":"product","2":"type-product","3":"status-publish","4":"has-post-thumbnail","6":"product_brand-lissmac-de","7":"product_cat-tischkreissagen","9":"first","10":"instock","11":"taxable","12":"shipping-taxable","13":"purchasable","14":"product-type-simple"},"acf":[],"_links":{"self":[{"href":"https:\/\/mdbouwmachines.be\/de\/wp-json\/wp\/v2\/product\/16673","targetHints":{"allow":["GET"]}}],"collection":[{"href":"https:\/\/mdbouwmachines.be\/de\/wp-json\/wp\/v2\/product"}],"about":[{"href":"https:\/\/mdbouwmachines.be\/de\/wp-json\/wp\/v2\/types\/product"}],"wp:featuredmedia":[{"embeddable":true,"href":"https:\/\/mdbouwmachines.be\/de\/wp-json\/wp\/v2\/media\/16708"}],"wp:attachment":[{"href":"https:\/\/mdbouwmachines.be\/de\/wp-json\/wp\/v2\/media?parent=16673"}],"wp:term":[{"taxonomy":"product_brand","embeddable":true,"href":"https:\/\/mdbouwmachines.be\/de\/wp-json\/wp\/v2\/product_brand?post=16673"},{"taxonomy":"product_cat","embeddable":true,"href":"https:\/\/mdbouwmachines.be\/de\/wp-json\/wp\/v2\/product_cat?post=16673"},{"taxonomy":"product_tag","embeddable":true,"href":"https:\/\/mdbouwmachines.be\/de\/wp-json\/wp\/v2\/product_tag?post=16673"}],"curies":[{"name":"wp","href":"https:\/\/api.w.org\/{rel}","templated":true}]}}