{"id":16668,"date":"2025-02-28T11:32:08","date_gmt":"2025-02-28T10:32:08","guid":{"rendered":"https:\/\/mdbouwmachines.be\/product\/lissmac-dts-420-n\/"},"modified":"2025-03-07T15:05:28","modified_gmt":"2025-03-07T14:05:28","slug":"lissmac-dts-420-n","status":"publish","type":"product","link":"https:\/\/mdbouwmachines.be\/de\/produkt\/lissmac-dts-420-n\/","title":{"rendered":"Lissmac DTS 420 N"},"content":{"rendered":"\n<hr class=\"wp-block-separator has-alpha-channel-opacity is-style-dots\" \/>\n\n<p>Die Diamant-Trenns\u00e4ge DTS 420 N ist f\u00fcr die effiziente Blockbearbeitung konzipiert. Das smarte Design vereint Leistung, Ergonomie und Sicherheit mit kompakten Abmessungen. Besonders praktisch: Die Steins\u00e4ge passt perfekt auf die Mauerwerksplattform LISSMAC MAB 3002, damit Sie auch in der H\u00f6he weiterarbeiten k\u00f6nnen. Der 7,5 kW starke 400-V-Elektromotor dreht das wahlweise 900 mm oder 1000 mm starke S\u00e4geblatt mit der optimalen Drehzahl bis zu 910 U\/min. Es ist m\u00f6glich, bis zu einer Tiefe von 420 mm und einer L\u00e4nge von 650 mm zu schneiden.    <\/p>\n\n<hr class=\"wp-block-separator has-alpha-channel-opacity\" \/>\n\n<!--more documentatie-->\n\n<div class=\"wp-block-columns is-layout-flex wp-container-core-columns-is-layout-28f84493 wp-block-columns-is-layout-flex\">\n<div class=\"wp-block-column is-layout-flow wp-block-column-is-layout-flow\" style=\"flex-basis:25%\">\n<h2 class=\"wp-block-heading\">Technisches Datenblatt<\/h2>\n<\/div>\n\n\n\n<div class=\"wp-block-column is-layout-flow wp-block-column-is-layout-flow\" style=\"flex-basis:50%\">\n<div class=\"wp-block-file\"><a href=\"https:\/\/mdbouwmachines.be\/wp-content\/uploads\/2025\/02\/LissmacDTS420N_Technische-Fiche.pdf\" class=\"wp-block-file__button wp-element-button\" download=\"\">Herunterladen<\/a><\/div>\n<\/div>\n\n\n\n<div class=\"wp-block-column is-layout-flow wp-block-column-is-layout-flow\" style=\"flex-basis:25%\"><\/div>\n<\/div>\n\n<hr class=\"wp-block-separator has-alpha-channel-opacity is-style-dots\" \/>\n","protected":false},"excerpt":{"rendered":"<p>Gro\u00dfe Bl\u00f6cke \u2013 kleine Kosten. Das XL-Schneiden von gro\u00dfformatigen Ziegeln ist die Spezialit\u00e4t der DTS 420 N, die klein genug ist, um auf die Mauerwerksplattform MAB 3002 zu passen. <\/p>\n<p><strong>Interessiert an einer Demo? Rufen Sie uns gerne f\u00fcr einen Termin in unserem Showroom an! <\/strong><\/p>\n","protected":false},"featured_media":16664,"template":"","meta":{"_acf_changed":false},"product_brand":[1156],"product_cat":[845],"product_tag":[],"class_list":{"0":"post-16668","1":"product","2":"type-product","3":"status-publish","4":"has-post-thumbnail","6":"product_brand-lissmac-de","7":"product_cat-tischkreissagen","9":"first","10":"instock","11":"taxable","12":"shipping-taxable","13":"purchasable","14":"product-type-simple"},"acf":[],"_links":{"self":[{"href":"https:\/\/mdbouwmachines.be\/de\/wp-json\/wp\/v2\/product\/16668","targetHints":{"allow":["GET"]}}],"collection":[{"href":"https:\/\/mdbouwmachines.be\/de\/wp-json\/wp\/v2\/product"}],"about":[{"href":"https:\/\/mdbouwmachines.be\/de\/wp-json\/wp\/v2\/types\/product"}],"wp:featuredmedia":[{"embeddable":true,"href":"https:\/\/mdbouwmachines.be\/de\/wp-json\/wp\/v2\/media\/16664"}],"wp:attachment":[{"href":"https:\/\/mdbouwmachines.be\/de\/wp-json\/wp\/v2\/media?parent=16668"}],"wp:term":[{"taxonomy":"product_brand","embeddable":true,"href":"https:\/\/mdbouwmachines.be\/de\/wp-json\/wp\/v2\/product_brand?post=16668"},{"taxonomy":"product_cat","embeddable":true,"href":"https:\/\/mdbouwmachines.be\/de\/wp-json\/wp\/v2\/product_cat?post=16668"},{"taxonomy":"product_tag","embeddable":true,"href":"https:\/\/mdbouwmachines.be\/de\/wp-json\/wp\/v2\/product_tag?post=16668"}],"curies":[{"name":"wp","href":"https:\/\/api.w.org\/{rel}","templated":true}]}}