{"id":16614,"date":"2025-02-28T10:41:40","date_gmt":"2025-02-28T09:41:40","guid":{"rendered":"https:\/\/mdbouwmachines.be\/product\/lissmac-ats-400\/"},"modified":"2025-03-07T15:05:28","modified_gmt":"2025-03-07T14:05:28","slug":"lissmac-ats-400","status":"publish","type":"product","link":"https:\/\/mdbouwmachines.be\/de\/produkt\/lissmac-ats-400\/","title":{"rendered":"Lissmac ATS 400"},"content":{"rendered":"\n<hr class=\"wp-block-separator has-alpha-channel-opacity is-style-dots\" \/>\n\n<p>Die Steins\u00e4ge ATS 400 ist dank ihrer intelligenten Technik und erstklassigen Verarbeitung sehr vielseitig und robust. Dank der Verwendung von Aluminium, Edelstahl und Kunststoff ist diese Diamants\u00e4ge zudem extrem leicht. Das 350 mm S\u00e4geblatt erm\u00f6glicht Schnitttiefen von bis zu 110 mm. Optional kann ein 400 mm S\u00e4geblatt verwendet werden, welches Tiefen von bis zu 135 mm erm\u00f6glicht. Die S\u00e4ge ist auf maximale Pr\u00e4zision und Langlebigkeit ausgelegt.    <\/p>\n\n<hr class=\"wp-block-separator has-alpha-channel-opacity\" \/>\n\n<!--more-->\n\n<div class=\"wp-block-columns is-layout-flex wp-container-core-columns-is-layout-28f84493 wp-block-columns-is-layout-flex\">\n<div class=\"wp-block-column is-layout-flow wp-block-column-is-layout-flow\" style=\"flex-basis:25%\">\n<h2 class=\"wp-block-heading\">Technisches Datenblatt<\/h2>\n<\/div>\n\n\n\n<div class=\"wp-block-column is-layout-flow wp-block-column-is-layout-flow\" style=\"flex-basis:50%\">\n<div class=\"wp-block-file\"><a href=\"https:\/\/mdbouwmachines.be\/wp-content\/uploads\/2025\/02\/LissmacATS400_Technische-Fiche.pdf\" class=\"wp-block-file__button wp-element-button\" download=\"\">Herunterladen<\/a><\/div>\n<\/div>\n\n\n\n<div class=\"wp-block-column is-layout-flow wp-block-column-is-layout-flow\" style=\"flex-basis:25%\"><\/div>\n<\/div>\n\n<hr class=\"wp-block-separator has-alpha-channel-opacity is-style-dots\" \/>\n","protected":false},"excerpt":{"rendered":"<p>Hohe Qualit\u00e4t, geringer Wartungsaufwand und einfache Handhabung f\u00fcr einen effizienten und kontinuierlichen Einsatz. Die transportfreundliche Steins\u00e4ge eignet sich hervorragend f\u00fcr den Landschaftsbau, das Pflastern und den Bau von Wegen. <\/p>\n<p><strong>Interessiert an einer Demo? Rufen Sie uns gerne f\u00fcr einen Termin in unserem Showroom an! <\/strong><\/p>\n","protected":false},"featured_media":16589,"template":"","meta":{"_acf_changed":false},"product_brand":[1156],"product_cat":[845],"product_tag":[],"class_list":{"0":"post-16614","1":"product","2":"type-product","3":"status-publish","4":"has-post-thumbnail","6":"product_brand-lissmac-de","7":"product_cat-tischkreissagen","9":"first","10":"instock","11":"taxable","12":"shipping-taxable","13":"purchasable","14":"product-type-simple"},"acf":[],"_links":{"self":[{"href":"https:\/\/mdbouwmachines.be\/de\/wp-json\/wp\/v2\/product\/16614","targetHints":{"allow":["GET"]}}],"collection":[{"href":"https:\/\/mdbouwmachines.be\/de\/wp-json\/wp\/v2\/product"}],"about":[{"href":"https:\/\/mdbouwmachines.be\/de\/wp-json\/wp\/v2\/types\/product"}],"wp:featuredmedia":[{"embeddable":true,"href":"https:\/\/mdbouwmachines.be\/de\/wp-json\/wp\/v2\/media\/16589"}],"wp:attachment":[{"href":"https:\/\/mdbouwmachines.be\/de\/wp-json\/wp\/v2\/media?parent=16614"}],"wp:term":[{"taxonomy":"product_brand","embeddable":true,"href":"https:\/\/mdbouwmachines.be\/de\/wp-json\/wp\/v2\/product_brand?post=16614"},{"taxonomy":"product_cat","embeddable":true,"href":"https:\/\/mdbouwmachines.be\/de\/wp-json\/wp\/v2\/product_cat?post=16614"},{"taxonomy":"product_tag","embeddable":true,"href":"https:\/\/mdbouwmachines.be\/de\/wp-json\/wp\/v2\/product_tag?post=16614"}],"curies":[{"name":"wp","href":"https:\/\/api.w.org\/{rel}","templated":true}]}}