{"id":16574,"date":"2025-02-28T05:01:20","date_gmt":"2025-02-28T04:01:20","guid":{"rendered":"https:\/\/mdbouwmachines.be\/product\/lissmac-ats-350-b-120\/"},"modified":"2025-03-07T15:05:27","modified_gmt":"2025-03-07T14:05:27","slug":"lissmac-ats-350-b-120","status":"publish","type":"product","link":"https:\/\/mdbouwmachines.be\/de\/produkt\/lissmac-ats-350-b-120\/","title":{"rendered":"Lissmac ATS 350 B 120"},"content":{"rendered":"\n<hr class=\"wp-block-separator has-alpha-channel-opacity is-style-dots\" \/>\n\n<p>Die Steins\u00e4ge ATS 350 B 120 ist extrem leicht und robust. Die Diamants\u00e4ge f\u00fcr Pflaster- und Steinplatten eignet sich f\u00fcr gerade Schnitte ebenso wie f\u00fcr Gehrungsschnitte bis 45\u00b0. Die maximale Schnitttiefe betr\u00e4gt 110 mm, die Schnittl\u00e4nge 1200 mm. Diese Tischkreiss\u00e4ge \u00fcberzeugt mit hervorragender Pr\u00e4zision und hoher Schnittleistung bei der Bearbeitung von Ziegeln, Steinen, Granit, Marmor und Natursteinplatten.   <\/p>\n\n<hr class=\"wp-block-separator has-alpha-channel-opacity\" \/>\n\n<!--more documentatie-->\n\n<div class=\"wp-block-columns is-layout-flex wp-container-core-columns-is-layout-28f84493 wp-block-columns-is-layout-flex\">\n<div class=\"wp-block-column is-layout-flow wp-block-column-is-layout-flow\" style=\"flex-basis:25%\">\n<h2 class=\"wp-block-heading\">Technisches Datenblatt<\/h2>\n<\/div>\n\n\n\n<div class=\"wp-block-column is-layout-flow wp-block-column-is-layout-flow\" style=\"flex-basis:50%\">\n<div class=\"wp-block-file\"><a href=\"https:\/\/mdbouwmachines.be\/wp-content\/uploads\/2025\/02\/LissmacATS350B120_Technische-Fiche.pdf\" class=\"wp-block-file__button wp-element-button\" download=\"\">Herunterladen<\/a><\/div>\n<\/div>\n\n\n\n<div class=\"wp-block-column is-layout-flow wp-block-column-is-layout-flow\" style=\"flex-basis:25%\"><\/div>\n<\/div>\n\n<hr class=\"wp-block-separator has-alpha-channel-opacity is-style-dots\" \/>\n","protected":false},"excerpt":{"rendered":"<p>Extrem leicht, robust und pr\u00e4zise. Die kompakte Steins\u00e4ge spielt ihre St\u00e4rken im Landschaftsbau und beim Bau von Pflasterungen und Wegen aus. <\/p>\n<p><strong>Interessiert an einer Demo? Rufen Sie uns gerne f\u00fcr einen Termin in unserem Showroom an! <\/strong><\/p>\n","protected":false},"featured_media":16544,"template":"","meta":{"_acf_changed":false},"product_brand":[1156],"product_cat":[845],"product_tag":[],"class_list":{"0":"post-16574","1":"product","2":"type-product","3":"status-publish","4":"has-post-thumbnail","6":"product_brand-lissmac-de","7":"product_cat-tischkreissagen","9":"first","10":"instock","11":"taxable","12":"shipping-taxable","13":"purchasable","14":"product-type-simple"},"acf":[],"_links":{"self":[{"href":"https:\/\/mdbouwmachines.be\/de\/wp-json\/wp\/v2\/product\/16574","targetHints":{"allow":["GET"]}}],"collection":[{"href":"https:\/\/mdbouwmachines.be\/de\/wp-json\/wp\/v2\/product"}],"about":[{"href":"https:\/\/mdbouwmachines.be\/de\/wp-json\/wp\/v2\/types\/product"}],"wp:featuredmedia":[{"embeddable":true,"href":"https:\/\/mdbouwmachines.be\/de\/wp-json\/wp\/v2\/media\/16544"}],"wp:attachment":[{"href":"https:\/\/mdbouwmachines.be\/de\/wp-json\/wp\/v2\/media?parent=16574"}],"wp:term":[{"taxonomy":"product_brand","embeddable":true,"href":"https:\/\/mdbouwmachines.be\/de\/wp-json\/wp\/v2\/product_brand?post=16574"},{"taxonomy":"product_cat","embeddable":true,"href":"https:\/\/mdbouwmachines.be\/de\/wp-json\/wp\/v2\/product_cat?post=16574"},{"taxonomy":"product_tag","embeddable":true,"href":"https:\/\/mdbouwmachines.be\/de\/wp-json\/wp\/v2\/product_tag?post=16574"}],"curies":[{"name":"wp","href":"https:\/\/api.w.org\/{rel}","templated":true}]}}