{"id":16458,"date":"2025-02-28T04:18:04","date_gmt":"2025-02-28T03:18:04","guid":{"rendered":"https:\/\/mdbouwmachines.be\/product\/lissmac-mbs-760\/"},"modified":"2025-03-07T15:05:27","modified_gmt":"2025-03-07T14:05:27","slug":"lissmac-mbs-760","status":"publish","type":"product","link":"https:\/\/mdbouwmachines.be\/de\/produkt\/lissmac-mbs-760\/","title":{"rendered":"Lissmac MBS 760"},"content":{"rendered":"\n<hr class=\"wp-block-separator has-alpha-channel-opacity is-style-dots\" \/>\n\n<p>Die MBS 760 ist speziell f\u00fcr die Verarbeitung von Porenbeton und verschiedenen Ziegeln konzipiert. Diese Tischkreiss\u00e4ge hat eine Schnitth\u00f6he von bis zu 760 mm und eine Schnittl\u00e4nge von bis zu 700 mm. Die MBS-Serie steht f\u00fcr hochpr\u00e4zise Steintrenntechnik und bietet gr\u00f6\u00dftm\u00f6gliche Energieeinsparungen beim Schneiden von Porenbeton und Mauerwerk.  <\/p>\n\n<hr class=\"wp-block-separator has-alpha-channel-opacity\" \/>\n\n<!--more documentatie-->\n\n<div class=\"wp-block-columns is-layout-flex wp-container-core-columns-is-layout-28f84493 wp-block-columns-is-layout-flex\">\n<div class=\"wp-block-column is-layout-flow wp-block-column-is-layout-flow\" style=\"flex-basis:25%\">\n<h2 class=\"wp-block-heading\">Produktinformation<\/h2>\n<\/div>\n\n\n\n<div class=\"wp-block-column is-layout-flow wp-block-column-is-layout-flow\" style=\"flex-basis:50%\">\n<div class=\"wp-block-file\"><a href=\"https:\/\/mdbouwmachines.be\/wp-content\/uploads\/2025\/02\/LissmacMBS650_Product-Info-1.pdf\" class=\"wp-block-file__button wp-element-button\" download=\"\">Herunterladen<\/a><\/div>\n<\/div>\n\n\n\n<div class=\"wp-block-column is-layout-flow wp-block-column-is-layout-flow\" style=\"flex-basis:25%\"><\/div>\n<\/div>\n\n<div class=\"wp-block-columns is-layout-flex wp-container-core-columns-is-layout-28f84493 wp-block-columns-is-layout-flex\">\n<div class=\"wp-block-column is-layout-flow wp-block-column-is-layout-flow\" style=\"flex-basis:25%\">\n<h2 class=\"wp-block-heading\">Technisches Datenblatt<\/h2>\n<\/div>\n\n\n\n<div class=\"wp-block-column is-layout-flow wp-block-column-is-layout-flow\" style=\"flex-basis:50%\">\n<div class=\"wp-block-file\"><a href=\"https:\/\/mdbouwmachines.be\/wp-content\/uploads\/2025\/02\/LissmacMBS650_Technische-Fiche-1.pdf\" class=\"wp-block-file__button wp-element-button\" download=\"\">Herunterladen<\/a><\/div>\n<\/div>\n\n\n\n<div class=\"wp-block-column is-layout-flow wp-block-column-is-layout-flow\" style=\"flex-basis:25%\"><\/div>\n<\/div>\n\n<hr class=\"wp-block-separator has-alpha-channel-opacity is-style-dots\" \/>\n","protected":false},"excerpt":{"rendered":"<p>Pr\u00e4zision und Schnelligkeit in Porenbeton und Mauerwerk. Die Tischkreiss\u00e4ge MBS 510 bietet die gr\u00f6\u00dftm\u00f6gliche Aufwandsreduzierung und begeistert mit der l\u00e4ngsten Lebensdauer. <\/p>\n<p><strong>Interessiert an einer Demo? Rufen Sie uns gerne f\u00fcr einen Termin in unserem Showroom an! <\/strong><\/p>\n","protected":false},"featured_media":16443,"template":"","meta":{"_acf_changed":false},"product_brand":[1156],"product_cat":[845],"product_tag":[],"class_list":{"0":"post-16458","1":"product","2":"type-product","3":"status-publish","4":"has-post-thumbnail","6":"product_brand-lissmac-de","7":"product_cat-tischkreissagen","9":"first","10":"instock","11":"taxable","12":"shipping-taxable","13":"purchasable","14":"product-type-simple"},"acf":[],"_links":{"self":[{"href":"https:\/\/mdbouwmachines.be\/de\/wp-json\/wp\/v2\/product\/16458","targetHints":{"allow":["GET"]}}],"collection":[{"href":"https:\/\/mdbouwmachines.be\/de\/wp-json\/wp\/v2\/product"}],"about":[{"href":"https:\/\/mdbouwmachines.be\/de\/wp-json\/wp\/v2\/types\/product"}],"wp:featuredmedia":[{"embeddable":true,"href":"https:\/\/mdbouwmachines.be\/de\/wp-json\/wp\/v2\/media\/16443"}],"wp:attachment":[{"href":"https:\/\/mdbouwmachines.be\/de\/wp-json\/wp\/v2\/media?parent=16458"}],"wp:term":[{"taxonomy":"product_brand","embeddable":true,"href":"https:\/\/mdbouwmachines.be\/de\/wp-json\/wp\/v2\/product_brand?post=16458"},{"taxonomy":"product_cat","embeddable":true,"href":"https:\/\/mdbouwmachines.be\/de\/wp-json\/wp\/v2\/product_cat?post=16458"},{"taxonomy":"product_tag","embeddable":true,"href":"https:\/\/mdbouwmachines.be\/de\/wp-json\/wp\/v2\/product_tag?post=16458"}],"curies":[{"name":"wp","href":"https:\/\/api.w.org\/{rel}","templated":true}]}}