{"id":16078,"date":"2025-02-27T13:36:15","date_gmt":"2025-02-27T12:36:15","guid":{"rendered":"https:\/\/mdbouwmachines.be\/product\/lissmac-multicut-400-d\/"},"modified":"2025-03-07T15:05:21","modified_gmt":"2025-03-07T14:05:21","slug":"lissmac-multicut-400-d","status":"publish","type":"product","link":"https:\/\/mdbouwmachines.be\/de\/produkt\/lissmac-multicut-400-d\/","title":{"rendered":"Lissmac Multicut 400 D"},"content":{"rendered":"\n<p>Die Diesel-Fugenschneider MULTICUT 400 D mit Scherentechnik ist f\u00fcr anspruchsvolle Baubedingungen konzipiert, bei denen sie durch ihre Leistung und kompakte Bauweise \u00fcberzeugt. Der 3-Zylinder-Dieselmotor Perkins leistet 18,4 kW \/ 25 PS und erf\u00fcllt die Abgasnorm Euro Stufe V. Er treibt S\u00e4gebl\u00e4tter mit einem Durchmesser von bis zu 1000 mm an. Damit lassen sich Fugen mit Schnitttiefen von bis zu 415 mm realisieren.   <\/p>\n\n<div class=\"wp-block-file\"><a>Technisches Datenblatt<\/a><a href=\"https:\/\/mdbouwmachines.be\/wp-content\/uploads\/2025\/02\/Lissmac400D_pdf.pdf\" class=\"wp-block-file__button wp-element-button\" download=\"\">Herunterladen<\/a><\/div>\n","protected":false},"excerpt":{"rendered":"<p>Kompakt, leistungsstark und einfach zu bedienen \u2013 diese langlebige Diesel-Fugenschneider ist f\u00fcr die schnelle und zuverl\u00e4ssige Ausf\u00fchrung anspruchsvoller Aufgaben konzipiert, bei denen eine Schnitttiefe von bis zu max. 415 mm ist erforderlich.<\/p>\n","protected":false},"featured_media":16060,"template":"","meta":{"_acf_changed":false},"product_brand":[1156],"product_cat":[334],"product_tag":[],"class_list":{"0":"post-16078","1":"product","2":"type-product","3":"status-publish","4":"has-post-thumbnail","6":"product_brand-lissmac-de","7":"product_cat-vloerzagen-de","9":"first","10":"instock","11":"taxable","12":"shipping-taxable","13":"purchasable","14":"product-type-simple"},"acf":[],"_links":{"self":[{"href":"https:\/\/mdbouwmachines.be\/de\/wp-json\/wp\/v2\/product\/16078","targetHints":{"allow":["GET"]}}],"collection":[{"href":"https:\/\/mdbouwmachines.be\/de\/wp-json\/wp\/v2\/product"}],"about":[{"href":"https:\/\/mdbouwmachines.be\/de\/wp-json\/wp\/v2\/types\/product"}],"wp:featuredmedia":[{"embeddable":true,"href":"https:\/\/mdbouwmachines.be\/de\/wp-json\/wp\/v2\/media\/16060"}],"wp:attachment":[{"href":"https:\/\/mdbouwmachines.be\/de\/wp-json\/wp\/v2\/media?parent=16078"}],"wp:term":[{"taxonomy":"product_brand","embeddable":true,"href":"https:\/\/mdbouwmachines.be\/de\/wp-json\/wp\/v2\/product_brand?post=16078"},{"taxonomy":"product_cat","embeddable":true,"href":"https:\/\/mdbouwmachines.be\/de\/wp-json\/wp\/v2\/product_cat?post=16078"},{"taxonomy":"product_tag","embeddable":true,"href":"https:\/\/mdbouwmachines.be\/de\/wp-json\/wp\/v2\/product_tag?post=16078"}],"curies":[{"name":"wp","href":"https:\/\/api.w.org\/{rel}","templated":true}]}}