{"id":16050,"date":"2025-02-27T13:33:41","date_gmt":"2025-02-27T12:33:41","guid":{"rendered":"https:\/\/mdbouwmachines.be\/product\/bohrmotor-dme22su\/"},"modified":"2025-03-07T15:05:21","modified_gmt":"2025-03-07T14:05:21","slug":"bohrmotor-dme22su","status":"publish","type":"product","link":"https:\/\/mdbouwmachines.be\/de\/produkt\/bohrmotor-dme22su\/","title":{"rendered":"Bohrmotor DME22SU"},"content":{"rendered":"\n<p>Der Bohrmotor DME22SU ist ideal f\u00fcr Elektro- und Installationsarbeiten. Die Maschine verf\u00fcgt \u00fcber drei G\u00e4nge und eine variable Drehzahleinstellung mit Sanftanlauf. Ein integrierter \u00dcberlastschutz und der Personenschutzschalter PRCD garantieren ein sicheres Arbeiten. Auch Trockenbohren ist mit dem mitgelieferten M16-Adapter m\u00f6glich.   <\/p>\n\n<div class=\"wp-block-file\"><a id=\"wp-block-file--media-60efbb7d-abb6-48dc-ab56-9696e0235c86\" href=\"https:\/\/mdbouwmachines.be\/wp-content\/uploads\/2025\/02\/dme22.pdf\">Technisches Datenblatt<\/a><a href=\"https:\/\/mdbouwmachines.be\/wp-content\/uploads\/2025\/02\/dme22.pdf\" class=\"wp-block-file__button wp-element-button\" download=\"\" aria-describedby=\"wp-block-file--media-60efbb7d-abb6-48dc-ab56-9696e0235c86\">Herunterladen<\/a><\/div>\n","protected":false},"excerpt":{"rendered":"<p>Bohren bis \u00d8 180 mm<br \/>Drei G\u00e4nge f\u00fcr optimale Drehzahlen.<br \/>Trockenbohren ist mit dem mitgelieferten M16-Adapter m\u00f6glich.<br \/>Verpackt in einem praktischen Transportkoffer.<\/p>\n","protected":false},"featured_media":16045,"template":"","meta":{"_acf_changed":false},"product_brand":[1153],"product_cat":[888],"product_tag":[],"class_list":{"0":"post-16050","1":"product","2":"type-product","3":"status-publish","4":"has-post-thumbnail","6":"product_brand-tyrolit-de","7":"product_cat-kernbohrung","9":"first","10":"instock","11":"taxable","12":"shipping-taxable","13":"purchasable","14":"product-type-simple"},"acf":[],"_links":{"self":[{"href":"https:\/\/mdbouwmachines.be\/de\/wp-json\/wp\/v2\/product\/16050","targetHints":{"allow":["GET"]}}],"collection":[{"href":"https:\/\/mdbouwmachines.be\/de\/wp-json\/wp\/v2\/product"}],"about":[{"href":"https:\/\/mdbouwmachines.be\/de\/wp-json\/wp\/v2\/types\/product"}],"wp:featuredmedia":[{"embeddable":true,"href":"https:\/\/mdbouwmachines.be\/de\/wp-json\/wp\/v2\/media\/16045"}],"wp:attachment":[{"href":"https:\/\/mdbouwmachines.be\/de\/wp-json\/wp\/v2\/media?parent=16050"}],"wp:term":[{"taxonomy":"product_brand","embeddable":true,"href":"https:\/\/mdbouwmachines.be\/de\/wp-json\/wp\/v2\/product_brand?post=16050"},{"taxonomy":"product_cat","embeddable":true,"href":"https:\/\/mdbouwmachines.be\/de\/wp-json\/wp\/v2\/product_cat?post=16050"},{"taxonomy":"product_tag","embeddable":true,"href":"https:\/\/mdbouwmachines.be\/de\/wp-json\/wp\/v2\/product_tag?post=16050"}],"curies":[{"name":"wp","href":"https:\/\/api.w.org\/{rel}","templated":true}]}}