{"id":15931,"date":"2025-02-27T09:56:12","date_gmt":"2025-02-27T08:56:12","guid":{"rendered":"https:\/\/mdbouwmachines.be\/product\/frontscheibe-94cm-bt\/"},"modified":"2025-02-27T09:56:12","modified_gmt":"2025-02-27T08:56:12","slug":"frontscheibe-94cm-bt","status":"publish","type":"product","link":"https:\/\/mdbouwmachines.be\/de\/produkt\/frontscheibe-94cm-bt\/","title":{"rendered":"Frontscheibe 94cm \u2013 BT"},"content":{"rendered":"","protected":false},"excerpt":{"rendered":"<p><strong>Eigene, selbst konstruierte Vorarbeitsscheiben mit einem Durchmesser von 90 cm.<\/strong><br \/>Diese sind mit einer <strong>45\u00b0-Kante<\/strong> ausgestattet, um eine Betonansammlung zu verhindern.<br \/><strong>Erh\u00e4ltlich <\/strong>in 8 Lippen<br \/>Die <strong>Dicke von 4 mm<\/strong> sorgt f\u00fcr ein h\u00f6heres Gewicht, was zu glatteren, flacheren B\u00f6den f\u00fchrt. Dadurch halten die Regale auch l\u00e4nger. <strong>Eine h\u00f6here Ausbeute und ein besseres Endergebnis!<\/strong><br \/>Geeignet f\u00fcr <strong>Doppelpoliermaschinen Durchmesser 90<\/strong> von BT. <\/p>\n","protected":false},"featured_media":13093,"template":"","meta":{"_acf_changed":false},"product_brand":[1132],"product_cat":[542],"product_tag":[],"class_list":{"0":"post-15931","1":"product","2":"type-product","3":"status-publish","4":"has-post-thumbnail","6":"product_brand-md-bouwmachines-de","7":"product_cat-scheiben-und-messer","9":"first","10":"instock","11":"taxable","12":"shipping-taxable","13":"purchasable","14":"product-type-variable","15":"has-default-attributes"},"acf":[],"_links":{"self":[{"href":"https:\/\/mdbouwmachines.be\/de\/wp-json\/wp\/v2\/product\/15931","targetHints":{"allow":["GET"]}}],"collection":[{"href":"https:\/\/mdbouwmachines.be\/de\/wp-json\/wp\/v2\/product"}],"about":[{"href":"https:\/\/mdbouwmachines.be\/de\/wp-json\/wp\/v2\/types\/product"}],"wp:featuredmedia":[{"embeddable":true,"href":"https:\/\/mdbouwmachines.be\/de\/wp-json\/wp\/v2\/media\/13093"}],"wp:attachment":[{"href":"https:\/\/mdbouwmachines.be\/de\/wp-json\/wp\/v2\/media?parent=15931"}],"wp:term":[{"taxonomy":"product_brand","embeddable":true,"href":"https:\/\/mdbouwmachines.be\/de\/wp-json\/wp\/v2\/product_brand?post=15931"},{"taxonomy":"product_cat","embeddable":true,"href":"https:\/\/mdbouwmachines.be\/de\/wp-json\/wp\/v2\/product_cat?post=15931"},{"taxonomy":"product_tag","embeddable":true,"href":"https:\/\/mdbouwmachines.be\/de\/wp-json\/wp\/v2\/product_tag?post=15931"}],"curies":[{"name":"wp","href":"https:\/\/api.w.org\/{rel}","templated":true}]}}