{"id":15896,"date":"2025-02-27T09:41:29","date_gmt":"2025-02-27T08:41:29","guid":{"rendered":"https:\/\/mdbouwmachines.be\/product\/quarz-pavilux\/"},"modified":"2025-02-27T09:41:29","modified_gmt":"2025-02-27T08:41:29","slug":"quarz-pavilux","status":"publish","type":"product","link":"https:\/\/mdbouwmachines.be\/de\/produkt\/quarz-pavilux\/","title":{"rendered":"Quarz Pavilux"},"content":{"rendered":"","protected":false},"excerpt":{"rendered":"<p>Quarz mit sehr feinen K\u00f6rnern, die sich sehr leicht mit Beton verbinden. Dies sorgt f\u00fcr eine gleichm\u00e4\u00dfige optische Sicht auf den Boden sowie eine Aush\u00e4rtung der Deckschicht. Widerstandsf\u00e4higer gegen herabfallende Gegenst\u00e4nde. Erh\u00e4ltlich in 3 verschiedenen Farben.   <\/p>\n","protected":false},"featured_media":17231,"template":"","meta":{"_acf_changed":false},"product_brand":[1132],"product_cat":[527],"product_tag":[],"class_list":{"0":"post-15896","1":"product","2":"type-product","3":"status-publish","4":"has-post-thumbnail","6":"product_brand-md-bouwmachines-de","7":"product_cat-verbrauchsmaterial","9":"first","10":"instock","11":"taxable","12":"shipping-taxable","13":"purchasable","14":"product-type-variable","15":"has-default-attributes"},"acf":[],"_links":{"self":[{"href":"https:\/\/mdbouwmachines.be\/de\/wp-json\/wp\/v2\/product\/15896","targetHints":{"allow":["GET"]}}],"collection":[{"href":"https:\/\/mdbouwmachines.be\/de\/wp-json\/wp\/v2\/product"}],"about":[{"href":"https:\/\/mdbouwmachines.be\/de\/wp-json\/wp\/v2\/types\/product"}],"wp:featuredmedia":[{"embeddable":true,"href":"https:\/\/mdbouwmachines.be\/de\/wp-json\/wp\/v2\/media\/17231"}],"wp:attachment":[{"href":"https:\/\/mdbouwmachines.be\/de\/wp-json\/wp\/v2\/media?parent=15896"}],"wp:term":[{"taxonomy":"product_brand","embeddable":true,"href":"https:\/\/mdbouwmachines.be\/de\/wp-json\/wp\/v2\/product_brand?post=15896"},{"taxonomy":"product_cat","embeddable":true,"href":"https:\/\/mdbouwmachines.be\/de\/wp-json\/wp\/v2\/product_cat?post=15896"},{"taxonomy":"product_tag","embeddable":true,"href":"https:\/\/mdbouwmachines.be\/de\/wp-json\/wp\/v2\/product_tag?post=15896"}],"curies":[{"name":"wp","href":"https:\/\/api.w.org\/{rel}","templated":true}]}}