{"id":15830,"date":"2025-02-20T13:20:09","date_gmt":"2025-02-20T12:20:09","guid":{"rendered":"https:\/\/mdbouwmachines.be\/product\/mp8-90-politur\/"},"modified":"2025-03-06T11:31:05","modified_gmt":"2025-03-06T10:31:05","slug":"mp8-90-politur","status":"publish","type":"product","link":"https:\/\/mdbouwmachines.be\/de\/produkt\/mp8-90-politur\/","title":{"rendered":"MP8-90 POLITUR"},"content":{"rendered":"","protected":false},"excerpt":{"rendered":"<p>Die umgebaute Doppel 90 von Barikell. Ausgestattet mit speziellen Kreuzen, die viel Widerstand aushalten + sch\u00f6ne Abschlussplatten f\u00fcr Spritzwasser und Schaum. Hat 4 Pads pro Kreuz, wobei 4 Diamantbl\u00f6cke von 8cm Breite pro Pad platziert werden k\u00f6nnen. Aufgrund seines hohen Gewichts k\u00f6nnen Sie einen Boden problemlos reinigen\/schleifen\/renovieren. F\u00fcr ein noch schnelleres Arbeiten k\u00f6nnen zus\u00e4tzliche Gewichtsbl\u00f6cke bestellt werden!    <\/p>\n","protected":false},"featured_media":15807,"template":"","meta":{"_acf_changed":false},"product_brand":[],"product_cat":[858],"product_tag":[],"class_list":{"0":"post-15830","1":"product","2":"type-product","3":"status-publish","4":"has-post-thumbnail","6":"product_cat-poliermaschinen","8":"first","9":"instock","10":"taxable","11":"shipping-taxable","12":"purchasable","13":"product-type-variable","14":"has-default-attributes"},"acf":[],"_links":{"self":[{"href":"https:\/\/mdbouwmachines.be\/de\/wp-json\/wp\/v2\/product\/15830","targetHints":{"allow":["GET"]}}],"collection":[{"href":"https:\/\/mdbouwmachines.be\/de\/wp-json\/wp\/v2\/product"}],"about":[{"href":"https:\/\/mdbouwmachines.be\/de\/wp-json\/wp\/v2\/types\/product"}],"wp:featuredmedia":[{"embeddable":true,"href":"https:\/\/mdbouwmachines.be\/de\/wp-json\/wp\/v2\/media\/15807"}],"wp:attachment":[{"href":"https:\/\/mdbouwmachines.be\/de\/wp-json\/wp\/v2\/media?parent=15830"}],"wp:term":[{"taxonomy":"product_brand","embeddable":true,"href":"https:\/\/mdbouwmachines.be\/de\/wp-json\/wp\/v2\/product_brand?post=15830"},{"taxonomy":"product_cat","embeddable":true,"href":"https:\/\/mdbouwmachines.be\/de\/wp-json\/wp\/v2\/product_cat?post=15830"},{"taxonomy":"product_tag","embeddable":true,"href":"https:\/\/mdbouwmachines.be\/de\/wp-json\/wp\/v2\/product_tag?post=15830"}],"curies":[{"name":"wp","href":"https:\/\/api.w.org\/{rel}","templated":true}]}}