{"id":15607,"date":"2025-01-24T09:53:17","date_gmt":"2025-01-24T09:53:17","guid":{"rendered":"https:\/\/mdbouwmachines.be\/product\/vibra-schlageinheit\/"},"modified":"2025-01-24T09:53:17","modified_gmt":"2025-01-24T08:53:17","slug":"vibra-schlageinheit","status":"publish","type":"product","link":"https:\/\/mdbouwmachines.be\/de\/produkt\/vibra-schlageinheit\/","title":{"rendered":"Vibra-Schlageinheit"},"content":{"rendered":"","protected":false},"excerpt":{"rendered":"<p>Honda Einheit gx35 (1,5 PS), 4-Takt-Motor. Besteht aus verst\u00e4rktem Magnesium (extrem stark), das den st\u00e4ndigen Vibrationen problemlos standh\u00e4lt. L\u00e4nge Schwimmer (Lamellen) von 6FT (1,8 m) bis 10 FT (3 m) m\u00f6glich  <\/p>\n","protected":false},"featured_media":9108,"template":"","meta":{"_acf_changed":false},"product_brand":[1150],"product_cat":[810],"product_tag":[],"class_list":{"0":"post-15607","1":"product","2":"type-product","3":"status-publish","4":"has-post-thumbnail","6":"product_brand-vibra-strike-de","7":"product_cat-vibrationsbalken","9":"first","10":"instock","11":"taxable","12":"shipping-taxable","13":"purchasable","14":"product-type-variable","15":"has-default-attributes"},"acf":[],"_links":{"self":[{"href":"https:\/\/mdbouwmachines.be\/de\/wp-json\/wp\/v2\/product\/15607","targetHints":{"allow":["GET"]}}],"collection":[{"href":"https:\/\/mdbouwmachines.be\/de\/wp-json\/wp\/v2\/product"}],"about":[{"href":"https:\/\/mdbouwmachines.be\/de\/wp-json\/wp\/v2\/types\/product"}],"wp:featuredmedia":[{"embeddable":true,"href":"https:\/\/mdbouwmachines.be\/de\/wp-json\/wp\/v2\/media\/9108"}],"wp:attachment":[{"href":"https:\/\/mdbouwmachines.be\/de\/wp-json\/wp\/v2\/media?parent=15607"}],"wp:term":[{"taxonomy":"product_brand","embeddable":true,"href":"https:\/\/mdbouwmachines.be\/de\/wp-json\/wp\/v2\/product_brand?post=15607"},{"taxonomy":"product_cat","embeddable":true,"href":"https:\/\/mdbouwmachines.be\/de\/wp-json\/wp\/v2\/product_cat?post=15607"},{"taxonomy":"product_tag","embeddable":true,"href":"https:\/\/mdbouwmachines.be\/de\/wp-json\/wp\/v2\/product_tag?post=15607"}],"curies":[{"name":"wp","href":"https:\/\/api.w.org\/{rel}","templated":true}]}}