{"id":15585,"date":"2025-01-24T09:53:14","date_gmt":"2025-01-24T09:53:14","guid":{"rendered":"https:\/\/mdbouwmachines.be\/product\/schwimmer-2m-bm71h-4-takt-honda\/"},"modified":"2025-06-23T12:29:06","modified_gmt":"2025-06-23T11:29:06","slug":"schwimmer-2m-bm71h-4-takt-honda","status":"publish","type":"product","link":"https:\/\/mdbouwmachines.be\/de\/produkt\/schwimmer-2m-bm71h-4-takt-honda\/","title":{"rendered":"Schwimmer 2m BM71H 4-Takt Honda"},"content":{"rendered":"","protected":false},"excerpt":{"rendered":"<p>Bodenbearbeitungsmaschine zum Verdichten und Gl\u00e4tten von kleinen und gro\u00dfen Fl\u00e4chen. Der BM-71 kann von 0,9 m bis 3 Meter bestellt werden und ist mit einem 25 ccm 4-Takt Honda Motor ausgestattet. <\/p>\n","protected":false},"featured_media":18700,"template":"","meta":{"_acf_changed":false},"product_brand":[1144],"product_cat":[810],"product_tag":[],"class_list":{"0":"post-15585","1":"product","2":"type-product","3":"status-publish","4":"has-post-thumbnail","6":"product_brand-bmac-de","7":"product_cat-vibrationsbalken","8":"product_shipping_class-extra-de","10":"first","11":"instock","12":"taxable","13":"shipping-taxable","14":"purchasable","15":"product-type-variable","16":"has-default-attributes"},"acf":[],"_links":{"self":[{"href":"https:\/\/mdbouwmachines.be\/de\/wp-json\/wp\/v2\/product\/15585","targetHints":{"allow":["GET"]}}],"collection":[{"href":"https:\/\/mdbouwmachines.be\/de\/wp-json\/wp\/v2\/product"}],"about":[{"href":"https:\/\/mdbouwmachines.be\/de\/wp-json\/wp\/v2\/types\/product"}],"wp:featuredmedia":[{"embeddable":true,"href":"https:\/\/mdbouwmachines.be\/de\/wp-json\/wp\/v2\/media\/18700"}],"wp:attachment":[{"href":"https:\/\/mdbouwmachines.be\/de\/wp-json\/wp\/v2\/media?parent=15585"}],"wp:term":[{"taxonomy":"product_brand","embeddable":true,"href":"https:\/\/mdbouwmachines.be\/de\/wp-json\/wp\/v2\/product_brand?post=15585"},{"taxonomy":"product_cat","embeddable":true,"href":"https:\/\/mdbouwmachines.be\/de\/wp-json\/wp\/v2\/product_cat?post=15585"},{"taxonomy":"product_tag","embeddable":true,"href":"https:\/\/mdbouwmachines.be\/de\/wp-json\/wp\/v2\/product_tag?post=15585"}],"curies":[{"name":"wp","href":"https:\/\/api.w.org\/{rel}","templated":true}]}}