{"id":15573,"date":"2025-01-24T09:53:13","date_gmt":"2025-01-24T08:53:13","guid":{"rendered":"https:\/\/mdbouwmachines.be\/product\/formoil-25-l-trennoel\/"},"modified":"2025-01-24T09:53:13","modified_gmt":"2025-01-24T08:53:13","slug":"formoil-25-l-trennoel","status":"publish","type":"product","link":"https:\/\/mdbouwmachines.be\/de\/produkt\/formoil-25-l-trennoel\/","title":{"rendered":"Formoil 25 l Trenn\u00f6l"},"content":{"rendered":"","protected":false},"excerpt":{"rendered":"<p>Ideales Produkt, um Ihre Maschinen sauber zu halten. Spr\u00fchen Sie vor Gebrauch mit einem Zerst\u00e4uber und der Beton klebt auf diese Weise nicht an der Maschine. Kann auch f\u00fcr Schalungsw\u00e4nde oder andere Zwecke verwendet werden.  <\/p>\n","protected":false},"featured_media":9560,"template":"","meta":{"_acf_changed":false},"product_brand":[1132],"product_cat":[527],"product_tag":[],"class_list":{"0":"post-15573","1":"product","2":"type-product","3":"status-publish","4":"has-post-thumbnail","6":"product_brand-md-bouwmachines-de","7":"product_cat-verbrauchsmaterial","9":"first","10":"instock","11":"taxable","12":"shipping-taxable","13":"purchasable","14":"product-type-simple"},"acf":[],"_links":{"self":[{"href":"https:\/\/mdbouwmachines.be\/de\/wp-json\/wp\/v2\/product\/15573","targetHints":{"allow":["GET"]}}],"collection":[{"href":"https:\/\/mdbouwmachines.be\/de\/wp-json\/wp\/v2\/product"}],"about":[{"href":"https:\/\/mdbouwmachines.be\/de\/wp-json\/wp\/v2\/types\/product"}],"wp:featuredmedia":[{"embeddable":true,"href":"https:\/\/mdbouwmachines.be\/de\/wp-json\/wp\/v2\/media\/9560"}],"wp:attachment":[{"href":"https:\/\/mdbouwmachines.be\/de\/wp-json\/wp\/v2\/media?parent=15573"}],"wp:term":[{"taxonomy":"product_brand","embeddable":true,"href":"https:\/\/mdbouwmachines.be\/de\/wp-json\/wp\/v2\/product_brand?post=15573"},{"taxonomy":"product_cat","embeddable":true,"href":"https:\/\/mdbouwmachines.be\/de\/wp-json\/wp\/v2\/product_cat?post=15573"},{"taxonomy":"product_tag","embeddable":true,"href":"https:\/\/mdbouwmachines.be\/de\/wp-json\/wp\/v2\/product_tag?post=15573"}],"curies":[{"name":"wp","href":"https:\/\/api.w.org\/{rel}","templated":true}]}}