{"id":15417,"date":"2025-01-24T09:54:58","date_gmt":"2025-01-24T08:54:58","guid":{"rendered":"https:\/\/mdbouwmachines.be\/product\/handicap-ramp-bull-float\/"},"modified":"2025-01-24T09:54:58","modified_gmt":"2025-01-24T08:54:58","slug":"handicap-ramp-bull-float","status":"publish","type":"product","link":"https:\/\/mdbouwmachines.be\/de\/produkt\/handicap-ramp-bull-float\/","title":{"rendered":"Handicap Ramp Bull Float"},"content":{"rendered":"","protected":false},"excerpt":{"rendered":"<p>#8661 Handicapramp Bull Schwimmer Set  <\/p>\n<p>Enth\u00e4lt 1 St\u00fcck Aluminiumklinge, Gr\u00f6\u00dfe 1067 mm <em> 203 mm, Zahnabstand 100 mm, 1 St\u00fcck <\/em> <\/p>\n<p><em>#8805 Universal-Gewindehalter,  <\/em><\/p>\n<p><em>3 St\u00fcck Aluminiumgriffe mit Gewinde (Durchmesser 45 mm<\/em>L1830 mm \/ St\u00fcck)<\/p>\n","protected":false},"featured_media":9368,"template":"","meta":{"_acf_changed":false},"product_brand":[1132],"product_cat":[496],"product_tag":[],"class_list":{"0":"post-15417","1":"product","2":"type-product","3":"status-publish","4":"has-post-thumbnail","6":"product_brand-md-bouwmachines-de","7":"product_cat-handwerkzeuge-werkzeuge","9":"first","10":"instock","11":"taxable","12":"shipping-taxable","13":"purchasable","14":"product-type-simple"},"acf":[],"_links":{"self":[{"href":"https:\/\/mdbouwmachines.be\/de\/wp-json\/wp\/v2\/product\/15417","targetHints":{"allow":["GET"]}}],"collection":[{"href":"https:\/\/mdbouwmachines.be\/de\/wp-json\/wp\/v2\/product"}],"about":[{"href":"https:\/\/mdbouwmachines.be\/de\/wp-json\/wp\/v2\/types\/product"}],"wp:featuredmedia":[{"embeddable":true,"href":"https:\/\/mdbouwmachines.be\/de\/wp-json\/wp\/v2\/media\/9368"}],"wp:attachment":[{"href":"https:\/\/mdbouwmachines.be\/de\/wp-json\/wp\/v2\/media?parent=15417"}],"wp:term":[{"taxonomy":"product_brand","embeddable":true,"href":"https:\/\/mdbouwmachines.be\/de\/wp-json\/wp\/v2\/product_brand?post=15417"},{"taxonomy":"product_cat","embeddable":true,"href":"https:\/\/mdbouwmachines.be\/de\/wp-json\/wp\/v2\/product_cat?post=15417"},{"taxonomy":"product_tag","embeddable":true,"href":"https:\/\/mdbouwmachines.be\/de\/wp-json\/wp\/v2\/product_tag?post=15417"}],"curies":[{"name":"wp","href":"https:\/\/api.w.org\/{rel}","templated":true}]}}