{"id":15377,"date":"2025-01-24T09:54:57","date_gmt":"2025-01-24T08:54:57","guid":{"rendered":"https:\/\/mdbouwmachines.be\/product\/polish-set\/"},"modified":"2025-01-24T09:54:57","modified_gmt":"2025-01-24T08:54:57","slug":"polish-set","status":"publish","type":"product","link":"https:\/\/mdbouwmachines.be\/de\/produkt\/polish-set\/","title":{"rendered":"POLISH Set"},"content":{"rendered":"","protected":false},"excerpt":{"rendered":"<p><span>Ab sofort bietet MD Bouwmachines ein POLISH-Set an, das auf jede Doppelmaschine passt!<\/span><\/p>\n<p><span>Barikell \/ BT \/ AB Lindec \/ Conmec \/ B-mac<\/span><\/p>\n<p><span>-Auf diesen Pads k\u00f6nnen Sie Diamantpads Ihrer Wahl oder Schleifpads montieren.<\/span><\/p>\n<p><span>-Beeindruckende Schleif-\/Polierleistung und Geschwindigkeiten f\u00fcr gro\u00dfe bis sehr gro\u00dfe Fl\u00e4chen.<\/span><\/p>\n<p><span>-Sehr flexibles System f\u00fcr maximalen Bodenkontakt.<\/span><\/p>\n<p><span>-Au\u00dfergew\u00f6hnlich gute Standzeit, was zu den niedrigsten Kosten pro m\u00b2 f\u00fcr ein qualitativ hochwertiges Finish f\u00fchrt.<\/span><\/p>\n<p><span>985 Euro exkl. MwSt. f\u00fcr ein komplettes Set (Diamant-\/Schleifpads nicht im Lieferumfang enthalten). <\/span><\/p>\n","protected":false},"featured_media":9500,"template":"","meta":{"_acf_changed":false},"product_brand":[1132],"product_cat":[496],"product_tag":[],"class_list":{"0":"post-15377","1":"product","2":"type-product","3":"status-publish","4":"has-post-thumbnail","6":"product_brand-md-bouwmachines-de","7":"product_cat-handwerkzeuge-werkzeuge","9":"first","10":"instock","11":"taxable","12":"shipping-taxable","13":"purchasable","14":"product-type-simple"},"acf":[],"_links":{"self":[{"href":"https:\/\/mdbouwmachines.be\/de\/wp-json\/wp\/v2\/product\/15377","targetHints":{"allow":["GET"]}}],"collection":[{"href":"https:\/\/mdbouwmachines.be\/de\/wp-json\/wp\/v2\/product"}],"about":[{"href":"https:\/\/mdbouwmachines.be\/de\/wp-json\/wp\/v2\/types\/product"}],"wp:featuredmedia":[{"embeddable":true,"href":"https:\/\/mdbouwmachines.be\/de\/wp-json\/wp\/v2\/media\/9500"}],"wp:attachment":[{"href":"https:\/\/mdbouwmachines.be\/de\/wp-json\/wp\/v2\/media?parent=15377"}],"wp:term":[{"taxonomy":"product_brand","embeddable":true,"href":"https:\/\/mdbouwmachines.be\/de\/wp-json\/wp\/v2\/product_brand?post=15377"},{"taxonomy":"product_cat","embeddable":true,"href":"https:\/\/mdbouwmachines.be\/de\/wp-json\/wp\/v2\/product_cat?post=15377"},{"taxonomy":"product_tag","embeddable":true,"href":"https:\/\/mdbouwmachines.be\/de\/wp-json\/wp\/v2\/product_tag?post=15377"}],"curies":[{"name":"wp","href":"https:\/\/api.w.org\/{rel}","templated":true}]}}