{"id":15374,"date":"2025-01-24T09:54:57","date_gmt":"2025-01-24T09:54:57","guid":{"rendered":"https:\/\/mdbouwmachines.be\/product\/fugenband\/"},"modified":"2025-01-24T09:54:57","modified_gmt":"2025-01-24T08:54:57","slug":"fugenband","status":"publish","type":"product","link":"https:\/\/mdbouwmachines.be\/de\/produkt\/fugenband\/","title":{"rendered":"Fugenband"},"content":{"rendered":"","protected":false},"excerpt":{"rendered":"<p><span>Fugenb\u00e4nder, um die S\u00e4geschnitte eines Betonbodens stilvoll zu spachteln und damit sich kein Schmutz anh\u00e4uft. Sch\u00fctzt vor \u00d6l und anderen chemischen Produkten, hochelastisches Material, das eine perfekte Abdichtung gew\u00e4hrleistet. Alle Arten von Farben in Rollen von 250 Metern. Gr\u00f6\u00dfen von 3,4 mm bis 5 mm (4,2 mm Standard). Andere Gr\u00f6\u00dfen\/Farben k\u00f6nnen vorab bestellt werden.    <\/span><\/p>\n","protected":false},"featured_media":9364,"template":"","meta":{"_acf_changed":false},"product_brand":[1132],"product_cat":[527],"product_tag":[],"class_list":{"0":"post-15374","1":"product","2":"type-product","3":"status-publish","4":"has-post-thumbnail","6":"product_brand-md-bouwmachines-de","7":"product_cat-verbrauchsmaterial","9":"first","10":"instock","11":"taxable","12":"shipping-taxable","13":"purchasable","14":"product-type-variable","15":"has-default-attributes"},"acf":[],"_links":{"self":[{"href":"https:\/\/mdbouwmachines.be\/de\/wp-json\/wp\/v2\/product\/15374","targetHints":{"allow":["GET"]}}],"collection":[{"href":"https:\/\/mdbouwmachines.be\/de\/wp-json\/wp\/v2\/product"}],"about":[{"href":"https:\/\/mdbouwmachines.be\/de\/wp-json\/wp\/v2\/types\/product"}],"wp:featuredmedia":[{"embeddable":true,"href":"https:\/\/mdbouwmachines.be\/de\/wp-json\/wp\/v2\/media\/9364"}],"wp:attachment":[{"href":"https:\/\/mdbouwmachines.be\/de\/wp-json\/wp\/v2\/media?parent=15374"}],"wp:term":[{"taxonomy":"product_brand","embeddable":true,"href":"https:\/\/mdbouwmachines.be\/de\/wp-json\/wp\/v2\/product_brand?post=15374"},{"taxonomy":"product_cat","embeddable":true,"href":"https:\/\/mdbouwmachines.be\/de\/wp-json\/wp\/v2\/product_cat?post=15374"},{"taxonomy":"product_tag","embeddable":true,"href":"https:\/\/mdbouwmachines.be\/de\/wp-json\/wp\/v2\/product_tag?post=15374"}],"curies":[{"name":"wp","href":"https:\/\/api.w.org\/{rel}","templated":true}]}}