{"id":15359,"date":"2025-01-24T09:54:55","date_gmt":"2025-01-24T08:54:55","guid":{"rendered":"https:\/\/mdbouwmachines.be\/product\/gamo-streuer\/"},"modified":"2025-06-23T12:34:42","modified_gmt":"2025-06-23T11:34:42","slug":"gamo-streuer","status":"publish","type":"product","link":"https:\/\/mdbouwmachines.be\/de\/produkt\/gamo-streuer\/","title":{"rendered":"GAMO Streuer"},"content":{"rendered":"","protected":false},"excerpt":{"rendered":"<p>Streumaschine 1m30 der Marke GAMO mit angepassten dickeren R\u00e4dern f\u00fcr eine bessere Gewichtsverteilung + l\u00e4ngere Lebensdauer<\/p>\n","protected":false},"featured_media":9432,"template":"","meta":{"_acf_changed":false},"product_brand":[1236],"product_cat":[422],"product_tag":[],"class_list":{"0":"post-15359","1":"product","2":"type-product","3":"status-publish","4":"has-post-thumbnail","6":"product_brand-gamo-de","7":"product_cat-streumaschine","9":"first","10":"instock","11":"taxable","12":"shipping-taxable","13":"purchasable","14":"product-type-simple"},"acf":[],"_links":{"self":[{"href":"https:\/\/mdbouwmachines.be\/de\/wp-json\/wp\/v2\/product\/15359","targetHints":{"allow":["GET"]}}],"collection":[{"href":"https:\/\/mdbouwmachines.be\/de\/wp-json\/wp\/v2\/product"}],"about":[{"href":"https:\/\/mdbouwmachines.be\/de\/wp-json\/wp\/v2\/types\/product"}],"wp:featuredmedia":[{"embeddable":true,"href":"https:\/\/mdbouwmachines.be\/de\/wp-json\/wp\/v2\/media\/9432"}],"wp:attachment":[{"href":"https:\/\/mdbouwmachines.be\/de\/wp-json\/wp\/v2\/media?parent=15359"}],"wp:term":[{"taxonomy":"product_brand","embeddable":true,"href":"https:\/\/mdbouwmachines.be\/de\/wp-json\/wp\/v2\/product_brand?post=15359"},{"taxonomy":"product_cat","embeddable":true,"href":"https:\/\/mdbouwmachines.be\/de\/wp-json\/wp\/v2\/product_cat?post=15359"},{"taxonomy":"product_tag","embeddable":true,"href":"https:\/\/mdbouwmachines.be\/de\/wp-json\/wp\/v2\/product_tag?post=15359"}],"curies":[{"name":"wp","href":"https:\/\/api.w.org\/{rel}","templated":true}]}}