{"id":15346,"date":"2025-01-24T09:54:54","date_gmt":"2025-01-24T09:54:54","guid":{"rendered":"https:\/\/mdbouwmachines.be\/product\/rollen-stempel\/"},"modified":"2025-01-24T09:54:54","modified_gmt":"2025-01-24T08:54:54","slug":"rollen-stempel","status":"publish","type":"product","link":"https:\/\/mdbouwmachines.be\/de\/produkt\/rollen-stempel\/","title":{"rendered":"Rollen-Stempel"},"content":{"rendered":"","protected":false},"excerpt":{"rendered":"<p>Unverzichtbares Werkzeug f\u00fcr gedruckten Beton, aber auch sehr gut geeignet, um eine grobe Antirutschschicht zu erzeugen. Der Rollenstempel ist in den Gr\u00f6\u00dfen 900mm und 1200mm Breite erh\u00e4ltlich. 1200 mm ist der Standard und die am h\u00e4ufigsten verwendete Gr\u00f6\u00dfe.  <\/p>\n","protected":false},"featured_media":9336,"template":"","meta":{"_acf_changed":false},"product_brand":[1132],"product_cat":[496],"product_tag":[],"class_list":{"0":"post-15346","1":"product","2":"type-product","3":"status-publish","4":"has-post-thumbnail","6":"product_brand-md-bouwmachines-de","7":"product_cat-handwerkzeuge-werkzeuge","9":"first","10":"instock","11":"taxable","12":"shipping-taxable","13":"purchasable","14":"product-type-variable","15":"has-default-attributes"},"acf":[],"_links":{"self":[{"href":"https:\/\/mdbouwmachines.be\/de\/wp-json\/wp\/v2\/product\/15346","targetHints":{"allow":["GET"]}}],"collection":[{"href":"https:\/\/mdbouwmachines.be\/de\/wp-json\/wp\/v2\/product"}],"about":[{"href":"https:\/\/mdbouwmachines.be\/de\/wp-json\/wp\/v2\/types\/product"}],"wp:featuredmedia":[{"embeddable":true,"href":"https:\/\/mdbouwmachines.be\/de\/wp-json\/wp\/v2\/media\/9336"}],"wp:attachment":[{"href":"https:\/\/mdbouwmachines.be\/de\/wp-json\/wp\/v2\/media?parent=15346"}],"wp:term":[{"taxonomy":"product_brand","embeddable":true,"href":"https:\/\/mdbouwmachines.be\/de\/wp-json\/wp\/v2\/product_brand?post=15346"},{"taxonomy":"product_cat","embeddable":true,"href":"https:\/\/mdbouwmachines.be\/de\/wp-json\/wp\/v2\/product_cat?post=15346"},{"taxonomy":"product_tag","embeddable":true,"href":"https:\/\/mdbouwmachines.be\/de\/wp-json\/wp\/v2\/product_tag?post=15346"}],"curies":[{"name":"wp","href":"https:\/\/api.w.org\/{rel}","templated":true}]}}