{"id":15331,"date":"2025-01-24T09:54:53","date_gmt":"2025-01-24T08:54:53","guid":{"rendered":"https:\/\/mdbouwmachines.be\/product\/fachwerkestrich-se12\/"},"modified":"2025-01-24T09:54:53","modified_gmt":"2025-01-24T08:54:53","slug":"fachwerkestrich-se12","status":"publish","type":"product","link":"https:\/\/mdbouwmachines.be\/de\/produkt\/fachwerkestrich-se12\/","title":{"rendered":"Fachwerkestrich SE12"},"content":{"rendered":"","protected":false},"excerpt":{"rendered":"<p>Dieser motorbetriebene Allen\u00ae Razorback\u00ae Truss Sceed wird seit \u00fcber vier Jahrzehnten bei unz\u00e4hligen Projekten auf der ganzen Welt eingesetzt. Mit seinem Benzinmotor, der Fahrvibration und der hydraulischen Windenoption ist dieser autonome Fertiger der Industriestandard f\u00fcr alle Fertiger mit Stahlrahmen. Erh\u00e4ltlich mit Zubeh\u00f6r f\u00fcr Stra\u00dfen, Br\u00fccken und andere Arbeiten.  <\/p>\n<\/p>\n<p><img decoding=\"async\" src=\"https:\/\/uploads-ssl.webflow.com\/5fa858652f9d2127f53af166\/606ebcb3dc69b82247a557de_Truscreed%203.PNG\" tt-mode=\"file\" tt-link-url=\"\" tt-link-target=\"\" tt-link-mode=\"url\"><\/p>\n","protected":false},"featured_media":9328,"template":"","meta":{"_acf_changed":false},"product_brand":[1231],"product_cat":[810],"product_tag":[],"class_list":{"0":"post-15331","1":"product","2":"type-product","3":"status-publish","4":"has-post-thumbnail","6":"product_brand-allen-de","7":"product_cat-vibrationsbalken","9":"first","10":"instock","11":"taxable","12":"shipping-taxable","13":"purchasable","14":"product-type-simple"},"acf":[],"_links":{"self":[{"href":"https:\/\/mdbouwmachines.be\/de\/wp-json\/wp\/v2\/product\/15331","targetHints":{"allow":["GET"]}}],"collection":[{"href":"https:\/\/mdbouwmachines.be\/de\/wp-json\/wp\/v2\/product"}],"about":[{"href":"https:\/\/mdbouwmachines.be\/de\/wp-json\/wp\/v2\/types\/product"}],"wp:featuredmedia":[{"embeddable":true,"href":"https:\/\/mdbouwmachines.be\/de\/wp-json\/wp\/v2\/media\/9328"}],"wp:attachment":[{"href":"https:\/\/mdbouwmachines.be\/de\/wp-json\/wp\/v2\/media?parent=15331"}],"wp:term":[{"taxonomy":"product_brand","embeddable":true,"href":"https:\/\/mdbouwmachines.be\/de\/wp-json\/wp\/v2\/product_brand?post=15331"},{"taxonomy":"product_cat","embeddable":true,"href":"https:\/\/mdbouwmachines.be\/de\/wp-json\/wp\/v2\/product_cat?post=15331"},{"taxonomy":"product_tag","embeddable":true,"href":"https:\/\/mdbouwmachines.be\/de\/wp-json\/wp\/v2\/product_tag?post=15331"}],"curies":[{"name":"wp","href":"https:\/\/api.w.org\/{rel}","templated":true}]}}