{"id":15324,"date":"2025-01-24T09:54:51","date_gmt":"2025-01-24T08:54:51","guid":{"rendered":"https:\/\/mdbouwmachines.be\/product\/aspen-4-takt\/"},"modified":"2025-01-24T09:54:51","modified_gmt":"2025-01-24T08:54:51","slug":"aspen-4-takt","status":"publish","type":"product","link":"https:\/\/mdbouwmachines.be\/de\/produkt\/aspen-4-takt\/","title":{"rendered":"Aspen 4-Takt"},"content":{"rendered":"","protected":false},"excerpt":{"rendered":"<p><span>Aspen 4 ist ein Alkylatbenzin f\u00fcr Rasenm\u00e4her, Generatoren, Boote und andere Viertaktmotoren. Die sauberere Verbrennung von Aspen 4 macht die Abgase weniger gef\u00e4hrlich f\u00fcr Ihre Gesundheit. Dar\u00fcber hinaus bleibt der Motor sauberer, was f\u00fcr eine bessere Leistung und eine l\u00e4ngere Lebensdauer Ihrer Maschine sorgt. Aspen 4 kann jahrelang gelagert werden und beh\u00e4lt seine Qualit\u00e4t!   <\/span><\/p>\n","protected":false},"featured_media":9324,"template":"","meta":{"_acf_changed":false},"product_brand":[1228],"product_cat":[527],"product_tag":[],"class_list":{"0":"post-15324","1":"product","2":"type-product","3":"status-publish","4":"has-post-thumbnail","6":"product_brand-aspen-de","7":"product_cat-verbrauchsmaterial","9":"first","10":"instock","11":"taxable","12":"shipping-taxable","13":"purchasable","14":"product-type-simple"},"acf":[],"_links":{"self":[{"href":"https:\/\/mdbouwmachines.be\/de\/wp-json\/wp\/v2\/product\/15324","targetHints":{"allow":["GET"]}}],"collection":[{"href":"https:\/\/mdbouwmachines.be\/de\/wp-json\/wp\/v2\/product"}],"about":[{"href":"https:\/\/mdbouwmachines.be\/de\/wp-json\/wp\/v2\/types\/product"}],"wp:featuredmedia":[{"embeddable":true,"href":"https:\/\/mdbouwmachines.be\/de\/wp-json\/wp\/v2\/media\/9324"}],"wp:attachment":[{"href":"https:\/\/mdbouwmachines.be\/de\/wp-json\/wp\/v2\/media?parent=15324"}],"wp:term":[{"taxonomy":"product_brand","embeddable":true,"href":"https:\/\/mdbouwmachines.be\/de\/wp-json\/wp\/v2\/product_brand?post=15324"},{"taxonomy":"product_cat","embeddable":true,"href":"https:\/\/mdbouwmachines.be\/de\/wp-json\/wp\/v2\/product_cat?post=15324"},{"taxonomy":"product_tag","embeddable":true,"href":"https:\/\/mdbouwmachines.be\/de\/wp-json\/wp\/v2\/product_tag?post=15324"}],"curies":[{"name":"wp","href":"https:\/\/api.w.org\/{rel}","templated":true}]}}