{"id":15308,"date":"2025-01-24T09:54:50","date_gmt":"2025-01-24T08:54:50","guid":{"rendered":"https:\/\/mdbouwmachines.be\/product\/aspen-2-takt\/"},"modified":"2025-01-24T09:54:50","modified_gmt":"2025-01-24T08:54:50","slug":"aspen-2-takt","status":"publish","type":"product","link":"https:\/\/mdbouwmachines.be\/de\/produkt\/aspen-2-takt\/","title":{"rendered":"Aspen 2-Takt"},"content":{"rendered":"","protected":false},"excerpt":{"rendered":"<p>Aspen 2 Stroke&nbsp;ist eine gebrauchsfertige Zweitakt-Gemischschmierung f\u00fcr Kettens\u00e4gen, Heckenscheren, Laubbl\u00e4ser, Mopeds und andere Zweitaktmotoren. Aspen 2T verbrennt sauberer und macht die Abgase von Zweitaktmaschinen weniger gef\u00e4hrlich f\u00fcr Ihre Gesundheit. Dar\u00fcber hinaus bleibt der Motor auch sauberer, was f\u00fcr eine bessere Leistung und eine l\u00e4ngere Lebensdauer Ihrer Maschine sorgt. Aspen 2T kann jahrelang gelagert werden, ohne dass es zu Qualit\u00e4tseinbu\u00dfen kommt!   <\/p>\n<p>&nbsp;<\/p>\n","protected":false},"featured_media":9580,"template":"","meta":{"_acf_changed":false},"product_brand":[1228],"product_cat":[527],"product_tag":[],"class_list":{"0":"post-15308","1":"product","2":"type-product","3":"status-publish","4":"has-post-thumbnail","6":"product_brand-aspen-de","7":"product_cat-verbrauchsmaterial","9":"first","10":"instock","11":"taxable","12":"shipping-taxable","13":"purchasable","14":"product-type-simple"},"acf":[],"_links":{"self":[{"href":"https:\/\/mdbouwmachines.be\/de\/wp-json\/wp\/v2\/product\/15308","targetHints":{"allow":["GET"]}}],"collection":[{"href":"https:\/\/mdbouwmachines.be\/de\/wp-json\/wp\/v2\/product"}],"about":[{"href":"https:\/\/mdbouwmachines.be\/de\/wp-json\/wp\/v2\/types\/product"}],"wp:featuredmedia":[{"embeddable":true,"href":"https:\/\/mdbouwmachines.be\/de\/wp-json\/wp\/v2\/media\/9580"}],"wp:attachment":[{"href":"https:\/\/mdbouwmachines.be\/de\/wp-json\/wp\/v2\/media?parent=15308"}],"wp:term":[{"taxonomy":"product_brand","embeddable":true,"href":"https:\/\/mdbouwmachines.be\/de\/wp-json\/wp\/v2\/product_brand?post=15308"},{"taxonomy":"product_cat","embeddable":true,"href":"https:\/\/mdbouwmachines.be\/de\/wp-json\/wp\/v2\/product_cat?post=15308"},{"taxonomy":"product_tag","embeddable":true,"href":"https:\/\/mdbouwmachines.be\/de\/wp-json\/wp\/v2\/product_tag?post=15308"}],"curies":[{"name":"wp","href":"https:\/\/api.w.org\/{rel}","templated":true}]}}