{"id":15122,"date":"2025-01-24T09:54:34","date_gmt":"2025-01-24T09:54:34","guid":{"rendered":"https:\/\/mdbouwmachines.be\/product\/vibrierender-balken-csd\/"},"modified":"2025-06-23T12:34:40","modified_gmt":"2025-06-23T11:34:40","slug":"vibrierender-balken-csd","status":"publish","type":"product","link":"https:\/\/mdbouwmachines.be\/de\/produkt\/vibrierender-balken-csd\/","title":{"rendered":"VIBRIERENDER BALKEN CSD"},"content":{"rendered":"","protected":false},"excerpt":{"rendered":"<ul>\n<li>\n<p>Leistung: 1,2kW, 1,6 PS<\/p>\n<\/li>\n<li>\n<p>Speziell entwickelte, geh\u00e4rtete Aluminiumklinge, die eine glattere Oberfl\u00e4che als herk\u00f6mmliche Estriche bietet.<\/p>\n<\/li>\n<li>\n<p>Robuste Gummist\u00fctzen, um die Vibrationen am Griff zu reduzieren.<\/p>\n<\/li>\n<li>\n<p>Die abgerundeten Enden der Klinge erleichtern das Umfahren von Hindernissen<\/p>\n<\/li>\n<li>\n<p>Der kippbare St\u00e4nder h\u00e4lt den Motor von Beton oder Hindernissen auf dem Boden fern<\/p>\n<\/li>\n<li>\n<p>Der Schutzrahmen reduziert versehentliche Sch\u00e4den am Motor<\/p>\n<\/li>\n<li>\n<p>Steife, wartungsfreie Gelenkwelle<\/p>\n<\/li>\n<li>\n<p>Geschlossenes Gussgeh\u00e4use zum Schutz vor Schmutz, Beton und Spritzwasser, einfacher Anschluss an den Motor<\/p>\n<\/li>\n<li>\n<p>7 verschiedene Arbeitsbreiten: 4ft\/1. 2m, 6ft\/1. 8m, 8ft\/2. 4m, 10ft\/3. 0m    <\/p>\n<\/li>\n<li>\n<p>Leicht austauschbare Klingen<\/p>\n<\/li>\n<li>\n<p>Gewicht: 12,9 kg<\/p>\n<\/li>\n<\/ul>\n","protected":false},"featured_media":9280,"template":"","meta":{"_acf_changed":false},"product_brand":[1132],"product_cat":[810],"product_tag":[],"class_list":{"0":"post-15122","1":"product","2":"type-product","3":"status-publish","4":"has-post-thumbnail","6":"product_brand-md-bouwmachines-de","7":"product_cat-vibrationsbalken","9":"first","10":"instock","11":"taxable","12":"shipping-taxable","13":"purchasable","14":"product-type-variable","15":"has-default-attributes"},"acf":[],"_links":{"self":[{"href":"https:\/\/mdbouwmachines.be\/de\/wp-json\/wp\/v2\/product\/15122","targetHints":{"allow":["GET"]}}],"collection":[{"href":"https:\/\/mdbouwmachines.be\/de\/wp-json\/wp\/v2\/product"}],"about":[{"href":"https:\/\/mdbouwmachines.be\/de\/wp-json\/wp\/v2\/types\/product"}],"wp:featuredmedia":[{"embeddable":true,"href":"https:\/\/mdbouwmachines.be\/de\/wp-json\/wp\/v2\/media\/9280"}],"wp:attachment":[{"href":"https:\/\/mdbouwmachines.be\/de\/wp-json\/wp\/v2\/media?parent=15122"}],"wp:term":[{"taxonomy":"product_brand","embeddable":true,"href":"https:\/\/mdbouwmachines.be\/de\/wp-json\/wp\/v2\/product_brand?post=15122"},{"taxonomy":"product_cat","embeddable":true,"href":"https:\/\/mdbouwmachines.be\/de\/wp-json\/wp\/v2\/product_cat?post=15122"},{"taxonomy":"product_tag","embeddable":true,"href":"https:\/\/mdbouwmachines.be\/de\/wp-json\/wp\/v2\/product_tag?post=15122"}],"curies":[{"name":"wp","href":"https:\/\/api.w.org\/{rel}","templated":true}]}}