{"id":15065,"date":"2025-01-24T09:54:32","date_gmt":"2025-01-24T08:54:32","guid":{"rendered":"https:\/\/mdbouwmachines.be\/product\/aurora-sigma\/"},"modified":"2025-06-23T13:06:19","modified_gmt":"2025-06-23T12:06:19","slug":"aurora-sigma","status":"publish","type":"product","link":"https:\/\/mdbouwmachines.be\/de\/produkt\/aurora-sigma\/","title":{"rendered":"Aurora SIGMA"},"content":{"rendered":"","protected":false},"excerpt":{"rendered":"<ul>\n<li>\n<p>Modelle maximale H\u00f6he 5,5 m<\/p>\n<\/li>\n<li>\n<p>Sehr widerstandsf\u00e4hige, verstellbare und schwenkbare LED-Fluter mit Schutzart IP67 im Geh\u00e4use aus Aluminiumdruckguss<\/p>\n<\/li>\n<li>\n<p>Lampen mit einer Lebensdauer von 85000 h<\/p>\n<\/li>\n<li>\n<p>Mast aus verzinktem Stahl mit Profilen zur Verringerung der Reibung<\/p>\n<\/li>\n<li>\n<p>Manuelles Heben<\/p>\n<\/li>\n<li>\n<p>Windwiderstand bis 80 km\/h 360\u00b0 Drehung des Mastes<\/p>\n<\/li>\n<li>\n<p>St\u00fctzfu\u00df mit 4 Befestigungsl\u00f6chern<\/p>\n<\/li>\n<\/ul>\n","protected":false},"featured_media":9272,"template":"","meta":{"_acf_changed":false},"product_brand":[1212],"product_cat":[803],"product_tag":[],"class_list":{"0":"post-15065","1":"product","2":"type-product","3":"status-publish","4":"has-post-thumbnail","6":"product_brand-aurora-de","7":"product_cat-baubeleuchtung","8":"pa_vermogen-4x160-w-2400-m2-de","9":"pa_vermogen-4x75-w-1500-m2-de","11":"first","12":"instock","13":"taxable","14":"shipping-taxable","15":"purchasable","16":"product-type-variable","17":"has-default-attributes"},"acf":[],"_links":{"self":[{"href":"https:\/\/mdbouwmachines.be\/de\/wp-json\/wp\/v2\/product\/15065","targetHints":{"allow":["GET"]}}],"collection":[{"href":"https:\/\/mdbouwmachines.be\/de\/wp-json\/wp\/v2\/product"}],"about":[{"href":"https:\/\/mdbouwmachines.be\/de\/wp-json\/wp\/v2\/types\/product"}],"wp:featuredmedia":[{"embeddable":true,"href":"https:\/\/mdbouwmachines.be\/de\/wp-json\/wp\/v2\/media\/9272"}],"wp:attachment":[{"href":"https:\/\/mdbouwmachines.be\/de\/wp-json\/wp\/v2\/media?parent=15065"}],"wp:term":[{"taxonomy":"product_brand","embeddable":true,"href":"https:\/\/mdbouwmachines.be\/de\/wp-json\/wp\/v2\/product_brand?post=15065"},{"taxonomy":"product_cat","embeddable":true,"href":"https:\/\/mdbouwmachines.be\/de\/wp-json\/wp\/v2\/product_cat?post=15065"},{"taxonomy":"product_tag","embeddable":true,"href":"https:\/\/mdbouwmachines.be\/de\/wp-json\/wp\/v2\/product_tag?post=15065"}],"curies":[{"name":"wp","href":"https:\/\/api.w.org\/{rel}","templated":true}]}}