{"id":14989,"date":"2025-01-24T09:53:46","date_gmt":"2025-01-24T08:53:46","guid":{"rendered":"https:\/\/mdbouwmachines.be\/product\/euro-vibro\/"},"modified":"2025-01-24T09:53:46","modified_gmt":"2025-01-24T08:53:46","slug":"euro-vibro","status":"publish","type":"product","link":"https:\/\/mdbouwmachines.be\/de\/produkt\/euro-vibro\/","title":{"rendered":"Euro-Vibro"},"content":{"rendered":"","protected":false},"excerpt":{"rendered":"<ul>\n<li>\n<p>ANTR\u00c4GE<\/p>\n<\/li>\n<li>\n<p>F\u00fcr R\u00fcttelplatten, Fundamente, Treppen und Gehwege.  <\/p>\n<\/li>\n<li>\n<p>TRAGBARE STROMVERSORGUNG  <\/p>\n<\/li>\n<li>\n<p>Euro-Vibro bietet die L\u00f6sung f\u00fcr das R\u00fctteln von Beton mit einem einfach zu bedienenden tragbaren Ger\u00e4t. Es ist kein Netzteil oder separate Antriebe erforderlich. Der Honda-Viertaktmotor sorgt f\u00fcr einen st\u00f6rungsfreien Betrieb und verbraucht im Vergleich zu einem Zweitaktmotor weniger Kraftstoff, hat weniger Motoremissionen und ben\u00f6tigt keinen Mischkraftstoff.    <\/p>\n<\/li>\n<li>\n<p>LEICHT  <\/p>\n<\/li>\n<li>\n<p>Das Ger\u00e4t ist leicht und ausgewogen und mit einem verstellbaren Griff und Tragegurt ausgestattet, um den Bedienkomfort und die volle Kontrolle zu gew\u00e4hrleisten.  <\/p>\n<\/li>\n<li>\n<p>EINFACHE BEDIENUNG<\/p>\n<\/li>\n<li>\n<p>  Ein praktischer Ein-\/Ausschalter und ein in den Griff integrierter Gashebel.<\/p>\n<\/li>\n<\/ul>\n","protected":false},"featured_media":9196,"template":"","meta":{"_acf_changed":false},"product_brand":[1135],"product_cat":[814],"product_tag":[],"class_list":{"0":"post-14989","1":"product","2":"type-product","3":"status-publish","4":"has-post-thumbnail","6":"product_brand-btc-de","7":"product_cat-vibrationsnadeln-wechselrichter","9":"first","10":"instock","11":"taxable","12":"shipping-taxable","13":"purchasable","14":"product-type-simple"},"acf":[],"_links":{"self":[{"href":"https:\/\/mdbouwmachines.be\/de\/wp-json\/wp\/v2\/product\/14989","targetHints":{"allow":["GET"]}}],"collection":[{"href":"https:\/\/mdbouwmachines.be\/de\/wp-json\/wp\/v2\/product"}],"about":[{"href":"https:\/\/mdbouwmachines.be\/de\/wp-json\/wp\/v2\/types\/product"}],"wp:featuredmedia":[{"embeddable":true,"href":"https:\/\/mdbouwmachines.be\/de\/wp-json\/wp\/v2\/media\/9196"}],"wp:attachment":[{"href":"https:\/\/mdbouwmachines.be\/de\/wp-json\/wp\/v2\/media?parent=14989"}],"wp:term":[{"taxonomy":"product_brand","embeddable":true,"href":"https:\/\/mdbouwmachines.be\/de\/wp-json\/wp\/v2\/product_brand?post=14989"},{"taxonomy":"product_cat","embeddable":true,"href":"https:\/\/mdbouwmachines.be\/de\/wp-json\/wp\/v2\/product_cat?post=14989"},{"taxonomy":"product_tag","embeddable":true,"href":"https:\/\/mdbouwmachines.be\/de\/wp-json\/wp\/v2\/product_tag?post=14989"}],"curies":[{"name":"wp","href":"https:\/\/api.w.org\/{rel}","templated":true}]}}