{"id":14952,"date":"2025-01-24T09:53:45","date_gmt":"2025-01-24T09:53:45","guid":{"rendered":"https:\/\/mdbouwmachines.be\/product\/hochleistungs-stossschneider\/"},"modified":"2025-01-24T09:53:45","modified_gmt":"2025-01-24T08:53:45","slug":"hochleistungs-stossschneider","status":"publish","type":"product","link":"https:\/\/mdbouwmachines.be\/de\/produkt\/hochleistungs-stossschneider\/","title":{"rendered":"Hochleistungs-Sto\u00dfschneider"},"content":{"rendered":"","protected":false},"excerpt":{"rendered":"<ul>\n<li>\n<p>Robuster Sto\u00dff\u00e4nger (auch als Lineal bekannt), der f\u00fcr B\u00f6den mit hohen Toleranzen entwickelt wurde  <\/p>\n<\/li>\n<li>\n<p>Reduziert Unebenheiten und f\u00fcllt tiefe Bereiche nach dem Aufschwimmen der Betonplatte  <\/p>\n<\/li>\n<li>\n<p>Neues leichtes Aluminiumprofil bietet enorme Steifigkeit  <\/p>\n<\/li>\n<li>\n<p>Geeignet f\u00fcr die Herstellung von \u201eSuper Flat\u201d-Spezifikationen  <\/p>\n<\/li>\n<li>\n<p>Besonders n\u00fctzlich bei Laser-Estrichmaschinen  <\/p>\n<\/li>\n<li>\n<p>Komplett mit Schneckenantriebs-Pitch-Steuerung (Knucklehead), Auslegersatz und drei ausziehbaren Schnappgriffen (je 1,8 m)<\/p>\n<\/li>\n<\/ul>\n","protected":false},"featured_media":9184,"template":"","meta":{"_acf_changed":false},"product_brand":[1132],"product_cat":[496],"product_tag":[],"class_list":{"0":"post-14952","1":"product","2":"type-product","3":"status-publish","4":"has-post-thumbnail","6":"product_brand-md-bouwmachines-de","7":"product_cat-handwerkzeuge-werkzeuge","8":"product_shipping_class-extra-de","10":"first","11":"instock","12":"taxable","13":"shipping-taxable","14":"purchasable","15":"product-type-variable","16":"has-default-attributes"},"acf":[],"_links":{"self":[{"href":"https:\/\/mdbouwmachines.be\/de\/wp-json\/wp\/v2\/product\/14952","targetHints":{"allow":["GET"]}}],"collection":[{"href":"https:\/\/mdbouwmachines.be\/de\/wp-json\/wp\/v2\/product"}],"about":[{"href":"https:\/\/mdbouwmachines.be\/de\/wp-json\/wp\/v2\/types\/product"}],"wp:featuredmedia":[{"embeddable":true,"href":"https:\/\/mdbouwmachines.be\/de\/wp-json\/wp\/v2\/media\/9184"}],"wp:attachment":[{"href":"https:\/\/mdbouwmachines.be\/de\/wp-json\/wp\/v2\/media?parent=14952"}],"wp:term":[{"taxonomy":"product_brand","embeddable":true,"href":"https:\/\/mdbouwmachines.be\/de\/wp-json\/wp\/v2\/product_brand?post=14952"},{"taxonomy":"product_cat","embeddable":true,"href":"https:\/\/mdbouwmachines.be\/de\/wp-json\/wp\/v2\/product_cat?post=14952"},{"taxonomy":"product_tag","embeddable":true,"href":"https:\/\/mdbouwmachines.be\/de\/wp-json\/wp\/v2\/product_tag?post=14952"}],"curies":[{"name":"wp","href":"https:\/\/api.w.org\/{rel}","templated":true}]}}