{"id":14938,"date":"2025-01-24T09:53:44","date_gmt":"2025-01-24T08:53:44","guid":{"rendered":"https:\/\/mdbouwmachines.be\/product\/schneidsystem-dcg-l-26-6-230-set\/"},"modified":"2025-01-24T09:53:44","modified_gmt":"2025-01-24T08:53:44","slug":"schneidsystem-dcg-l-26-6-230-set","status":"publish","type":"product","link":"https:\/\/mdbouwmachines.be\/de\/produkt\/schneidsystem-dcg-l-26-6-230-set\/","title":{"rendered":"Schneidsystem DCG L 26-6 230 Set"},"content":{"rendered":"","protected":false},"excerpt":{"rendered":"<ul>\n<li>\n<p>Sofort einsatzbereit, Winkelschleifer komplett mit Dunstabzugshaube im Kofferraum. Inklusive Diamantjet \u2013 Diamanttrennscheibe Normbeton 230 mm <\/p>\n<\/li>\n<li>\n<p>Leistungsstarker Winkelschleifer L 26-6 230 mit Sanftanlauf, Wiederanlaufschutz bei Unterbrechung der Stromversorgung, \u00dcberlastschutz, CDC-Elektronik f\u00fcr konstante Drehzahl, Anti-Kickback-Funktion<\/p>\n<\/li>\n<li>\n<p>Vollst\u00e4ndig abgeschirmte Haube f\u00fcr effiziente Staubabsaugung<\/p>\n<\/li>\n<li>\n<p>Direkte Verbindung mit Flex Clip System<\/p>\n<\/li>\n<li>\n<p>Extrem stabile Konstruktion. Kein Verdrehen durch das seitliche Gewicht des Winkelschleifers dank Stabilisator <\/p>\n<\/li>\n<li>\n<p>Grundplatte mit R\u00e4dern f\u00fcr leichtes Vorw\u00e4rtsarbeiten. Kann mit\/ohne F\u00fchrungsb\u00fcgel verwendet werden <\/p>\n<\/li>\n<li>\n<p>Tiefenanschlag mit Skala zur Voreinstellung der Schnitttiefe und einzelner Schnitte (Tauchschnitt) mit und ohne F\u00fchrungsschiene (max. 55 mm mit, 60 mm ohne Schiene)<\/p>\n<\/li>\n<li>\n<p>Seitengriff rechts\/links montierbar<\/p>\n<\/li>\n<li>\n<p>Koffer inkl. Deckelfach f\u00fcr Kleinteile, Ablage f\u00fcr Diamantschleifscheibe, Seitengriff und 800 mm F\u00fchrungsb\u00fcgel<\/p>\n<\/li>\n<\/ul>\n","protected":false},"featured_media":9172,"template":"","meta":{"_acf_changed":false},"product_brand":[1172],"product_cat":[370],"product_tag":[],"class_list":{"0":"post-14938","1":"product","2":"type-product","3":"status-publish","4":"has-post-thumbnail","6":"product_brand-flex-de","7":"product_cat-handmachines-de","9":"first","10":"instock","11":"taxable","12":"shipping-taxable","13":"purchasable","14":"product-type-simple"},"acf":[],"_links":{"self":[{"href":"https:\/\/mdbouwmachines.be\/de\/wp-json\/wp\/v2\/product\/14938","targetHints":{"allow":["GET"]}}],"collection":[{"href":"https:\/\/mdbouwmachines.be\/de\/wp-json\/wp\/v2\/product"}],"about":[{"href":"https:\/\/mdbouwmachines.be\/de\/wp-json\/wp\/v2\/types\/product"}],"wp:featuredmedia":[{"embeddable":true,"href":"https:\/\/mdbouwmachines.be\/de\/wp-json\/wp\/v2\/media\/9172"}],"wp:attachment":[{"href":"https:\/\/mdbouwmachines.be\/de\/wp-json\/wp\/v2\/media?parent=14938"}],"wp:term":[{"taxonomy":"product_brand","embeddable":true,"href":"https:\/\/mdbouwmachines.be\/de\/wp-json\/wp\/v2\/product_brand?post=14938"},{"taxonomy":"product_cat","embeddable":true,"href":"https:\/\/mdbouwmachines.be\/de\/wp-json\/wp\/v2\/product_cat?post=14938"},{"taxonomy":"product_tag","embeddable":true,"href":"https:\/\/mdbouwmachines.be\/de\/wp-json\/wp\/v2\/product_tag?post=14938"}],"curies":[{"name":"wp","href":"https:\/\/api.w.org\/{rel}","templated":true}]}}