{"id":14910,"date":"2025-01-24T10:53:43","date_gmt":"2025-01-24T09:53:43","guid":{"rendered":"https:\/\/mdbouwmachines.be\/product\/wildcat-rollbohle-35-50-100\/"},"modified":"2025-06-23T12:28:24","modified_gmt":"2025-06-23T11:28:24","slug":"wildcat-rollbohle-35-50-100","status":"publish","type":"product","link":"https:\/\/mdbouwmachines.be\/de\/produkt\/wildcat-rollbohle-35-50-100\/","title":{"rendered":"Wildcat Rollbohle 35\/100"},"content":{"rendered":"","protected":false},"excerpt":{"rendered":"<p>Multivibe bietet eine gr\u00f6\u00dfere Auswahl an Bohlen als andere Unternehmen, mit zwei S\u00e4ulen, die von Honda angetrieben werden, und einer elektrischen Version. Alle Bohlen mit Honda-Antrieb drehen sich mit maximal 300 U\/min. W\u00e4hlen Sie die beste Option f\u00fcr Ihre Anwendung. Die Rollenrohre f\u00fcr die Maschinen bestehen aus Kohlenstoffstahl, nicht aus Aluminium. Bohlen m\u00fcssen an beiden Enden Schienenst\u00fctzen haben, um zu funktionieren und waagerecht zu bleiben. Sie werden in gew\u00f6hnlichem Beton verwendet und k\u00f6nnen auch in durchl\u00e4ssigem Beton verwendet werden. Sie sind die am einfachsten zu handhabenden Estriche \u2013 sogar ein Verk\u00e4ufer kann es schaffen.      <\/p>\n<p>Der WC35 wird f\u00fcr L\u00e4ngen von 0-6m gew\u00e4hlt.<br \/>Der WC100 ist f\u00fcr L\u00e4ngen von 6m+ gew\u00e4hlt<\/p>\n<p>Beide Optionen bestehen aus = 1 x Endgriff mit Motor, 1 x Endgriff + Gegengewicht, 2 x Endstopfen zum Einstecken in den Schlauch.<br \/>R\u00f6hren kosten zum Tagespreis von Eisen (+- ca. 250-300 Euro f\u00fcr eine L\u00e4nge von 6 Metern!)<\/p>\n","protected":false},"featured_media":9148,"template":"","meta":{"_acf_changed":false},"product_brand":[1168],"product_cat":[810],"product_tag":[],"class_list":{"0":"post-14910","1":"product","2":"type-product","3":"status-publish","4":"has-post-thumbnail","6":"product_brand-multivibe-de","7":"product_cat-vibrationsbalken","9":"first","10":"instock","11":"taxable","12":"shipping-taxable","13":"purchasable","14":"product-type-variable","15":"has-default-attributes"},"acf":[],"_links":{"self":[{"href":"https:\/\/mdbouwmachines.be\/de\/wp-json\/wp\/v2\/product\/14910","targetHints":{"allow":["GET"]}}],"collection":[{"href":"https:\/\/mdbouwmachines.be\/de\/wp-json\/wp\/v2\/product"}],"about":[{"href":"https:\/\/mdbouwmachines.be\/de\/wp-json\/wp\/v2\/types\/product"}],"wp:featuredmedia":[{"embeddable":true,"href":"https:\/\/mdbouwmachines.be\/de\/wp-json\/wp\/v2\/media\/9148"}],"wp:attachment":[{"href":"https:\/\/mdbouwmachines.be\/de\/wp-json\/wp\/v2\/media?parent=14910"}],"wp:term":[{"taxonomy":"product_brand","embeddable":true,"href":"https:\/\/mdbouwmachines.be\/de\/wp-json\/wp\/v2\/product_brand?post=14910"},{"taxonomy":"product_cat","embeddable":true,"href":"https:\/\/mdbouwmachines.be\/de\/wp-json\/wp\/v2\/product_cat?post=14910"},{"taxonomy":"product_tag","embeddable":true,"href":"https:\/\/mdbouwmachines.be\/de\/wp-json\/wp\/v2\/product_tag?post=14910"}],"curies":[{"name":"wp","href":"https:\/\/api.w.org\/{rel}","templated":true}]}}