{"id":14896,"date":"2025-01-24T09:53:43","date_gmt":"2025-01-24T08:53:43","guid":{"rendered":"https:\/\/mdbouwmachines.be\/product\/streumaschine-proff-edelstahl\/"},"modified":"2025-01-24T09:53:43","modified_gmt":"2025-01-24T08:53:43","slug":"streumaschine-proff-edelstahl","status":"publish","type":"product","link":"https:\/\/mdbouwmachines.be\/de\/produkt\/streumaschine-proff-edelstahl\/","title":{"rendered":"Streumaschine proff. Edelstahl"},"content":{"rendered":"","protected":false},"excerpt":{"rendered":"<p>Ein Streuer, der auf der Grundlage von Kundenfeedback an einen idealen Quarzstreuer angepasst wurde, extrem robust, robust, rostfrei. Ein Streuwagen f\u00fcr die gr\u00f6\u00dferen Etagen. <\/p>\n","protected":false},"featured_media":9556,"template":"","meta":{"_acf_changed":false},"product_brand":[1132],"product_cat":[422],"product_tag":[],"class_list":{"0":"post-14896","1":"product","2":"type-product","3":"status-publish","4":"has-post-thumbnail","6":"product_brand-md-bouwmachines-de","7":"product_cat-streumaschine","9":"first","10":"instock","11":"taxable","12":"shipping-taxable","13":"purchasable","14":"product-type-simple"},"acf":[],"_links":{"self":[{"href":"https:\/\/mdbouwmachines.be\/de\/wp-json\/wp\/v2\/product\/14896","targetHints":{"allow":["GET"]}}],"collection":[{"href":"https:\/\/mdbouwmachines.be\/de\/wp-json\/wp\/v2\/product"}],"about":[{"href":"https:\/\/mdbouwmachines.be\/de\/wp-json\/wp\/v2\/types\/product"}],"wp:featuredmedia":[{"embeddable":true,"href":"https:\/\/mdbouwmachines.be\/de\/wp-json\/wp\/v2\/media\/9556"}],"wp:attachment":[{"href":"https:\/\/mdbouwmachines.be\/de\/wp-json\/wp\/v2\/media?parent=14896"}],"wp:term":[{"taxonomy":"product_brand","embeddable":true,"href":"https:\/\/mdbouwmachines.be\/de\/wp-json\/wp\/v2\/product_brand?post=14896"},{"taxonomy":"product_cat","embeddable":true,"href":"https:\/\/mdbouwmachines.be\/de\/wp-json\/wp\/v2\/product_cat?post=14896"},{"taxonomy":"product_tag","embeddable":true,"href":"https:\/\/mdbouwmachines.be\/de\/wp-json\/wp\/v2\/product_tag?post=14896"}],"curies":[{"name":"wp","href":"https:\/\/api.w.org\/{rel}","templated":true}]}}