{"id":14868,"date":"2025-01-24T09:53:24","date_gmt":"2025-01-24T09:53:24","guid":{"rendered":"https:\/\/mdbouwmachines.be\/product\/grosser-blauer-schwimmer\/"},"modified":"2025-03-18T09:03:56","modified_gmt":"2025-03-18T08:03:56","slug":"grosser-blauer-schwimmer","status":"publish","type":"product","link":"https:\/\/mdbouwmachines.be\/de\/produkt\/grosser-blauer-schwimmer\/","title":{"rendered":"Gro\u00dfer blauer Schwimmer"},"content":{"rendered":"","protected":false},"excerpt":{"rendered":"<p>#8181 Blue Steel Ruond End Fresno Kellenset bestehend aus 1 St\u00fcck Blue Teel Fresno Sp\u00e4neklinge Gr\u00f6\u00dfe 915mm <em> 305mm, 1 St\u00fcck Schneckengetriebehalterung und 3 St\u00fcck Aluminiumgriffe (Durchmesser 45mm<\/em>L1830mm\/St\u00fcck)<\/p>\n<p>#8156 Blue Steel Ruond End Fresno Kellenset bestehend aus 1 St\u00fcck Blue Teel Fresno Sp\u00e4neklinge Gr\u00f6\u00dfe 1220mm <em> 305mm, 1 St\u00fcck Schneckengetriebehalterung und 3 St\u00fcck Aluminiumgriffe (Durchmesser 45mm<\/em>L1830mm\/St\u00fcck)<\/p>\n<p>#8188 Blauer Stahl Ruond End Fresno Kellensatz Enth\u00e4lt 1 St\u00fcck Fresno Sp\u00e4neklinge Gr\u00f6\u00dfe <em> 1524mm-305mm, 1 St\u00fcck Schneckengetriebehalterung und 3 St\u00fcck Aluminiumgriffe (Durchmesser 45 mm<\/em>L1830 mm \/ St\u00fcck)<\/p>\n<p>#8180 Blue Steel Ruond End Fresno Kellenset bestehend aus 1 St\u00fcck Blue Teel Fresno Sp\u00e4neklinge Gr\u00f6\u00dfe <em> 1829mm-305mm, 1 St\u00fcck Schneckengetriebehalterung und 3 St\u00fcck Aluminiumgriffe (Durchmesser 45mm<\/em>L1830mm\/St\u00fcck)<\/p><\/p>\n","protected":false},"featured_media":17757,"template":"","meta":{"_acf_changed":false},"product_brand":[1132],"product_cat":[496],"product_tag":[],"class_list":{"0":"post-14868","1":"product","2":"type-product","3":"status-publish","4":"has-post-thumbnail","6":"product_brand-md-bouwmachines-de","7":"product_cat-handwerkzeuge-werkzeuge","9":"first","10":"instock","11":"taxable","12":"shipping-taxable","13":"purchasable","14":"product-type-variable","15":"has-default-attributes"},"acf":[],"_links":{"self":[{"href":"https:\/\/mdbouwmachines.be\/de\/wp-json\/wp\/v2\/product\/14868","targetHints":{"allow":["GET"]}}],"collection":[{"href":"https:\/\/mdbouwmachines.be\/de\/wp-json\/wp\/v2\/product"}],"about":[{"href":"https:\/\/mdbouwmachines.be\/de\/wp-json\/wp\/v2\/types\/product"}],"wp:featuredmedia":[{"embeddable":true,"href":"https:\/\/mdbouwmachines.be\/de\/wp-json\/wp\/v2\/media\/17757"}],"wp:attachment":[{"href":"https:\/\/mdbouwmachines.be\/de\/wp-json\/wp\/v2\/media?parent=14868"}],"wp:term":[{"taxonomy":"product_brand","embeddable":true,"href":"https:\/\/mdbouwmachines.be\/de\/wp-json\/wp\/v2\/product_brand?post=14868"},{"taxonomy":"product_cat","embeddable":true,"href":"https:\/\/mdbouwmachines.be\/de\/wp-json\/wp\/v2\/product_cat?post=14868"},{"taxonomy":"product_tag","embeddable":true,"href":"https:\/\/mdbouwmachines.be\/de\/wp-json\/wp\/v2\/product_tag?post=14868"}],"curies":[{"name":"wp","href":"https:\/\/api.w.org\/{rel}","templated":true}]}}